{"id":48395,"date":"2023-11-04T11:25:11","date_gmt":"2023-11-04T11:25:11","guid":{"rendered":"https:\/\/dominikahome.com\/product\/lampara-havana\/"},"modified":"2023-11-04T11:25:11","modified_gmt":"2023-11-04T11:25:11","slug":"lampara-havana","status":"publish","type":"product","link":"https:\/\/dominikahome.com\/es\/producto\/lampara-havana\/","title":{"rendered":"L\u00c1MPARA HAVANA"},"content":{"rendered":"<p>No siempre nos damos cuenta de que las l\u00e1mparas son uno de los elementos m\u00e1s importantes del dise\u00f1o de interiores. Su funci\u00f3n m\u00e1s b\u00e1sica es, por supuesto, proporcionar iluminaci\u00f3n, \u00a1pero las l\u00e1mparas bien seleccionadas pueden hacer mucho m\u00e1s!<\/p>\n<p>Son indispensables cuando queremos crear una atm\u00f3sfera \u00fanica, proporcionar un ambiente acogedor o, finalmente, despertar admiraci\u00f3n con su forma original. Para transformar el espacio con luz y darle un car\u00e1cter relajante, elige l\u00e1mparas \u00fanicas, de dise\u00f1o, hechas a mano, solo de materiales naturales y con un &#8220;alma&#8221; ex\u00f3tica.<\/p>\n<p>Las l\u00e1mparas pueden combinar funciones utilitarias y decorativas de una manera \u00fanica. Al proporcionar luz, aseguran la funcionalidad de las habitaciones las 24 horas del d\u00eda, pero tambi\u00e9n pueden a\u00f1adir ambiente y una atm\u00f3sfera realmente hogare\u00f1a al interior. Por esta raz\u00f3n, vale la pena elegirlas con cuidado. La l\u00e1mpara Havana es un dise\u00f1o moderno y original de la colecci\u00f3n de l\u00e1mparas Harmony, en la que todas las l\u00e1mparas est\u00e1n hechas a mano de hierba marina.<\/p>\n<h4>Dimensiones:<\/h4>\n<ul>\n<li>Altura: 44 cm<\/li>\n<li>Ancho: 40 cm x 20 cm<\/li>\n<li>Peso: aproximadamente 1.5 kg<\/li>\n<\/ul>\n<p><strong>Material:<\/strong> Hierba marina<\/p>\n<p>El conjunto incluye una pantalla con un cable y una rejilla de metal negro.<\/p>\n<p><strong>Longitud del cable en cm:<\/strong> 90 cm<\/p>\n<p><strong>Dimensiones de la m\u00e1scara:<\/strong> 10 cm<\/p>\n<p><strong>Fuente de luz:<\/strong> E27 \/ 40W; E27 \/ 40W<\/p>\n","protected":false},"excerpt":{"rendered":"<p>No siempre nos damos cuenta de que las l\u00e1mparas son uno de los elementos m\u00e1s importantes del dise\u00f1o de interiores. Su funci\u00f3n m\u00e1s b\u00e1sica es, por supuesto, proporcionar iluminaci\u00f3n, \u00a1pero las l\u00e1mparas bien seleccionadas pueden hacer mucho m\u00e1s! Son indispensables cuando queremos crear una atm\u00f3sfera \u00fanica, proporcionar un ambiente acogedor o, finalmente, despertar admiraci\u00f3n con [&hellip;]<\/p>\n","protected":false},"featured_media":45105,"template":"","meta":[],"product_brand":[274],"product_cat":[667,668],"product_tag":[568,634,632,570],"class_list":{"0":"post-48395","1":"product","2":"type-product","3":"status-publish","4":"has-post-thumbnail","6":"product_brand-monnari","7":"product_cat-iluminacion","8":"product_cat-lampara-colgante","9":"product_tag-hecho-a-mano","10":"product_tag-iluminacion","11":"product_tag-lampara-es-2","12":"product_tag-lampara-colgante","13":"product_shipping_class-pequeno","16":"first","17":"instock","18":"shipping-taxable","19":"purchasable","20":"product-type-simple"},"_links":{"self":[{"href":"https:\/\/dominikahome.com\/es\/wp-json\/wp\/v2\/product\/48395","targetHints":{"allow":["GET"]}}],"collection":[{"href":"https:\/\/dominikahome.com\/es\/wp-json\/wp\/v2\/product"}],"about":[{"href":"https:\/\/dominikahome.com\/es\/wp-json\/wp\/v2\/types\/product"}],"wp:featuredmedia":[{"embeddable":true,"href":"https:\/\/dominikahome.com\/es\/wp-json\/wp\/v2\/media\/45105"}],"wp:attachment":[{"href":"https:\/\/dominikahome.com\/es\/wp-json\/wp\/v2\/media?parent=48395"}],"wp:term":[{"taxonomy":"product_brand","embeddable":true,"href":"https:\/\/dominikahome.com\/es\/wp-json\/wp\/v2\/product_brand?post=48395"},{"taxonomy":"product_cat","embeddable":true,"href":"https:\/\/dominikahome.com\/es\/wp-json\/wp\/v2\/product_cat?post=48395"},{"taxonomy":"product_tag","embeddable":true,"href":"https:\/\/dominikahome.com\/es\/wp-json\/wp\/v2\/product_tag?post=48395"}],"curies":[{"name":"wp","href":"https:\/\/api.w.org\/{rel}","templated":true}]}}