{"id":48427,"date":"2023-11-04T11:23:55","date_gmt":"2023-11-04T11:23:55","guid":{"rendered":"https:\/\/dominikahome.com\/product\/lampara-elle-bamboo-3-tamanos\/"},"modified":"2023-11-04T11:23:55","modified_gmt":"2023-11-04T11:23:55","slug":"lampara-elle-bamboo-3-tamanos","status":"publish","type":"product","link":"https:\/\/dominikahome.com\/es\/producto\/lampara-elle-bamboo-3-tamanos\/","title":{"rendered":"LAMPARA ELLE BAMBOO 3 tama\u00f1os"},"content":{"rendered":"<p>La l\u00e1mpara colgante de la \u00faltima colecci\u00f3n es un dise\u00f1o moderno y original, hecho a mano de bamb\u00fa natural. Esta l\u00e1mpara colgante llamativa es extremadamente ligera y delicada.<\/p>\n<p>Especificaciones del producto:<\/p>\n<p>Color: bamb\u00fa natural<\/p>\n<p>Dimensiones en cm:<\/p>\n<p>Tama\u00f1o S: di\u00e1metro 30cm<\/p>\n<p>Tama\u00f1o M: di\u00e1metro 40cm<\/p>\n<p>Tama\u00f1o L: di\u00e1metro 48cm<\/p>\n<p>Material: bamb\u00fa<\/p>\n<p><strong>El set incluye una pantalla con un cable y una rejilla de metal negra.<\/strong><\/p>\n<p>Longitud del cable en cm: 90 cm<\/p>\n<p>Dimensiones de la tapa: 10 cm<\/p>\n<p>Color negro<\/p>\n<p>Fuente de luz: E27 \/ 40W; E27 \/ 40W<\/p>\n<p>En algunos casos, las im\u00e1genes y los colores son indicativos \u00fanicamente. Todo lo visible en la pantalla puede estar distorsionado por muchos factores, incluida la calibraci\u00f3n de la pantalla, la iluminaci\u00f3n ambiental o el \u00e1ngulo de visi\u00f3n.<\/p>\n","protected":false},"excerpt":{"rendered":"<p>La l\u00e1mpara colgante de la \u00faltima colecci\u00f3n es un dise\u00f1o moderno y original, hecho a mano de bamb\u00fa natural. Esta l\u00e1mpara colgante llamativa es extremadamente ligera y delicada. Especificaciones del producto: Color: bamb\u00fa natural Dimensiones en cm: Tama\u00f1o S: di\u00e1metro 30cm Tama\u00f1o M: di\u00e1metro 40cm Tama\u00f1o L: di\u00e1metro 48cm Material: bamb\u00fa El set incluye una [&hellip;]<\/p>\n","protected":false},"featured_media":45077,"template":"","meta":[],"product_brand":[274],"product_cat":[667,668],"product_tag":[568,634,631,632,570],"class_list":{"0":"post-48427","1":"product","2":"type-product","3":"status-publish","4":"has-post-thumbnail","6":"product_brand-monnari","7":"product_cat-iluminacion","8":"product_cat-lampara-colgante","9":"product_tag-hecho-a-mano","10":"product_tag-iluminacion","11":"product_tag-lampara-es","12":"product_tag-lampara-es-2","13":"product_tag-lampara-colgante","14":"product_shipping_class-pequeno","17":"first","18":"instock","19":"shipping-taxable","20":"purchasable","21":"product-type-variable"},"_links":{"self":[{"href":"https:\/\/dominikahome.com\/es\/wp-json\/wp\/v2\/product\/48427","targetHints":{"allow":["GET"]}}],"collection":[{"href":"https:\/\/dominikahome.com\/es\/wp-json\/wp\/v2\/product"}],"about":[{"href":"https:\/\/dominikahome.com\/es\/wp-json\/wp\/v2\/types\/product"}],"wp:featuredmedia":[{"embeddable":true,"href":"https:\/\/dominikahome.com\/es\/wp-json\/wp\/v2\/media\/45077"}],"wp:attachment":[{"href":"https:\/\/dominikahome.com\/es\/wp-json\/wp\/v2\/media?parent=48427"}],"wp:term":[{"taxonomy":"product_brand","embeddable":true,"href":"https:\/\/dominikahome.com\/es\/wp-json\/wp\/v2\/product_brand?post=48427"},{"taxonomy":"product_cat","embeddable":true,"href":"https:\/\/dominikahome.com\/es\/wp-json\/wp\/v2\/product_cat?post=48427"},{"taxonomy":"product_tag","embeddable":true,"href":"https:\/\/dominikahome.com\/es\/wp-json\/wp\/v2\/product_tag?post=48427"}],"curies":[{"name":"wp","href":"https:\/\/api.w.org\/{rel}","templated":true}]}}