{"id":48433,"date":"2023-11-04T11:23:18","date_gmt":"2023-11-04T11:23:18","guid":{"rendered":"https:\/\/dominikahome.com\/product\/lampara-de-bambu-wafa-3-tamanos\/"},"modified":"2023-11-04T11:23:18","modified_gmt":"2023-11-04T11:23:18","slug":"lampara-de-bambu-wafa-3-tamanos","status":"publish","type":"product","link":"https:\/\/dominikahome.com\/es\/producto\/lampara-de-bambu-wafa-3-tamanos\/","title":{"rendered":"L\u00c1MPARA DE BAMB\u00da WAFA 3 tama\u00f1os"},"content":{"rendered":"<p>La l\u00e1mpara colgante de la \u00faltima colecci\u00f3n es un dise\u00f1o moderno y original, hecho a mano con bamb\u00fa natural. Esta l\u00e1mpara de suspensi\u00f3n llamativa es extremadamente ligera y delicada.<\/p>\n<p><strong>Especificaciones del producto<\/strong><\/p>\n<p>Color: bamb\u00fa natural<\/p>\n<p>Dimensiones en cm:<\/p>\n<p>Tama\u00f1o S \u00d830cm<\/p>\n<p>Tama\u00f1o M \u00d840cm<\/p>\n<p>Tama\u00f1o L \u00d850cm<\/p>\n<p>Material: bamb\u00fa<\/p>\n<p><strong>El set incluye una pantalla con un cable y una rejilla de metal negro.<\/strong><\/p>\n<p>Longitud del cable en cm: 90 cm<\/p>\n<p>Dimensiones del enmascarado: 10 cm<\/p>\n<p>Fuente de luz: E27 \/ 40W; E27 \/ 40W<\/p>\n<p>En algunos casos, las im\u00e1genes y colores son solo indicativos. Todo lo visible en la pantalla puede verse distorsionado por muchos factores, incluyendo la calibraci\u00f3n de la pantalla, la iluminaci\u00f3n ambiental o el \u00e1ngulo de visi\u00f3n.<\/p>\n","protected":false},"excerpt":{"rendered":"<p>La l\u00e1mpara colgante de la \u00faltima colecci\u00f3n es un dise\u00f1o moderno y original, hecho a mano con bamb\u00fa natural. Esta l\u00e1mpara de suspensi\u00f3n llamativa es extremadamente ligera y delicada. Especificaciones del producto Color: bamb\u00fa natural Dimensiones en cm: Tama\u00f1o S \u00d830cm Tama\u00f1o M \u00d840cm Tama\u00f1o L \u00d850cm Material: bamb\u00fa El set incluye una pantalla con [&hellip;]<\/p>\n","protected":false},"featured_media":45065,"template":"","meta":[],"product_brand":[274],"product_cat":[667,668],"product_tag":[568,634,631,632,570],"class_list":{"0":"post-48433","1":"product","2":"type-product","3":"status-publish","4":"has-post-thumbnail","6":"product_brand-monnari","7":"product_cat-iluminacion","8":"product_cat-lampara-colgante","9":"product_tag-hecho-a-mano","10":"product_tag-iluminacion","11":"product_tag-lampara-es","12":"product_tag-lampara-es-2","13":"product_tag-lampara-colgante","14":"product_shipping_class-pequeno","17":"first","18":"instock","19":"shipping-taxable","20":"purchasable","21":"product-type-variable"},"_links":{"self":[{"href":"https:\/\/dominikahome.com\/es\/wp-json\/wp\/v2\/product\/48433","targetHints":{"allow":["GET"]}}],"collection":[{"href":"https:\/\/dominikahome.com\/es\/wp-json\/wp\/v2\/product"}],"about":[{"href":"https:\/\/dominikahome.com\/es\/wp-json\/wp\/v2\/types\/product"}],"wp:featuredmedia":[{"embeddable":true,"href":"https:\/\/dominikahome.com\/es\/wp-json\/wp\/v2\/media\/45065"}],"wp:attachment":[{"href":"https:\/\/dominikahome.com\/es\/wp-json\/wp\/v2\/media?parent=48433"}],"wp:term":[{"taxonomy":"product_brand","embeddable":true,"href":"https:\/\/dominikahome.com\/es\/wp-json\/wp\/v2\/product_brand?post=48433"},{"taxonomy":"product_cat","embeddable":true,"href":"https:\/\/dominikahome.com\/es\/wp-json\/wp\/v2\/product_cat?post=48433"},{"taxonomy":"product_tag","embeddable":true,"href":"https:\/\/dominikahome.com\/es\/wp-json\/wp\/v2\/product_tag?post=48433"}],"curies":[{"name":"wp","href":"https:\/\/api.w.org\/{rel}","templated":true}]}}