{"id":48441,"date":"2023-11-04T05:33:46","date_gmt":"2023-11-04T05:33:46","guid":{"rendered":"https:\/\/dominikahome.com\/product\/plato-banana-blanco-set-de-3-tamanos\/"},"modified":"2024-12-04T10:59:19","modified_gmt":"2024-12-04T10:59:19","slug":"plato-banana-blanco-set-de-3-tamanos","status":"publish","type":"product","link":"https:\/\/dominikahome.com\/es\/producto\/plato-banana-blanco-set-de-3-tamanos\/","title":{"rendered":"PLATO BANANA, BLANCO, SET DE 3 TAMA\u00d1OS"},"content":{"rendered":"<div class=\"product-tab\" data-tab=\"box_description\">\n<div class=\"innerbox\">\n<div class=\"resetcss\">\n<p>Si te gustan los accesorios de dise\u00f1o interior inspirados en la naturaleza, tenemos algo para ti.<\/p>\n<p>La moda por la artesan\u00eda y los materiales naturales en los interiores contin\u00faa. Los accesorios \u00fanicos crean un interior singular.<\/p>\n<p>La decoraci\u00f3n de pared fue hecha a mano con hojas de pl\u00e1tano.<\/p>\n<p>El material natural y los patrones hacen que se vean hermosos como decoraciones para un vest\u00edbulo o una sala de estar en estilo boho.<\/p>\n<div>\n<div dir=\"ltr\" data-smartmail=\"gmail_signature\">\n<div dir=\"ltr\">\n<p>En algunos casos, las im\u00e1genes y colores son solo indicativos. Todo lo visible en la pantalla puede verse distorsionado por muchos factores, incluyendo la calibraci\u00f3n de la pantalla, la iluminaci\u00f3n ambiental o el \u00e1ngulo de visi\u00f3n.<\/p>\n<p>Adem\u00e1s, este decoraciones\u00a0 son hechos a mano con material natural, por lo que pueden diferir en color, acabado y dimensiones ligeras. Las dimensiones pueden variar en 1-3cm.<\/p>\n<\/div>\n<\/div>\n<\/div>\n<p><strong>Dimensiones:<\/strong> di\u00e1metro<\/p>\n<p>S: 40cm +\/- 2cm<\/p>\n<p>M: 50cm +\/- 2cm<\/p>\n<p>L: 60cm +\/- 2cm<\/p>\n<\/div>\n<\/div>\n<\/div>\n<div class=\"product-tab\" data-tab=\"box_description\">\n<div class=\"innerbox tab-content product-attributes zebra\"><\/div>\n<\/div>\n","protected":false},"excerpt":{"rendered":"<p>Si te gustan los accesorios de dise\u00f1o interior inspirados en la naturaleza, tenemos algo para ti. La moda por la artesan\u00eda y los materiales naturales en los interiores contin\u00faa. Los accesorios \u00fanicos crean un interior singular. La decoraci\u00f3n de pared fue hecha a mano con hojas de pl\u00e1tano. El material natural y los patrones hacen [&hellip;]<\/p>\n","protected":false},"featured_media":45016,"template":"","meta":[],"product_brand":[274],"product_cat":[664,661],"product_tag":[605,557,547],"class_list":{"0":"post-48441","1":"product","2":"type-product","3":"status-publish","4":"has-post-thumbnail","6":"product_brand-monnari","7":"product_cat-decoracion-de-pared","8":"product_cat-decoraciones","9":"product_tag-decoracion-mural","10":"product_tag-decoration-es","11":"product_tag-hoja-de-platano","12":"product_shipping_class-pequeno","15":"first","16":"instock","17":"shipping-taxable","18":"purchasable","19":"product-type-simple"},"_links":{"self":[{"href":"https:\/\/dominikahome.com\/es\/wp-json\/wp\/v2\/product\/48441","targetHints":{"allow":["GET"]}}],"collection":[{"href":"https:\/\/dominikahome.com\/es\/wp-json\/wp\/v2\/product"}],"about":[{"href":"https:\/\/dominikahome.com\/es\/wp-json\/wp\/v2\/types\/product"}],"wp:featuredmedia":[{"embeddable":true,"href":"https:\/\/dominikahome.com\/es\/wp-json\/wp\/v2\/media\/45016"}],"wp:attachment":[{"href":"https:\/\/dominikahome.com\/es\/wp-json\/wp\/v2\/media?parent=48441"}],"wp:term":[{"taxonomy":"product_brand","embeddable":true,"href":"https:\/\/dominikahome.com\/es\/wp-json\/wp\/v2\/product_brand?post=48441"},{"taxonomy":"product_cat","embeddable":true,"href":"https:\/\/dominikahome.com\/es\/wp-json\/wp\/v2\/product_cat?post=48441"},{"taxonomy":"product_tag","embeddable":true,"href":"https:\/\/dominikahome.com\/es\/wp-json\/wp\/v2\/product_tag?post=48441"}],"curies":[{"name":"wp","href":"https:\/\/api.w.org\/{rel}","templated":true}]}}