{"id":48442,"date":"2023-11-04T10:19:05","date_gmt":"2023-11-04T10:19:05","guid":{"rendered":"https:\/\/dominikahome.com\/product\/lampara-cezar-negro\/"},"modified":"2023-11-04T10:19:05","modified_gmt":"2023-11-04T10:19:05","slug":"lampara-cezar-negro","status":"publish","type":"product","link":"https:\/\/dominikahome.com\/es\/producto\/lampara-cezar-negro\/","title":{"rendered":"L\u00c1MPARA CEZAR, NEGRO"},"content":{"rendered":"<p><strong>La l\u00e1mpara de rat\u00e1n Cezar<\/strong> es hecha a mano por artesanos indonesios, por lo que tiene energ\u00eda positiva que a\u00f1ade calidez a cualquier arreglo. Las principales ventajas de la l\u00e1mpara son su forma original, que proporciona a la habitaci\u00f3n una atm\u00f3sfera atemporal.<\/p>\n<p>Nuestra <strong>L\u00e1mpara C\u00e9sar<\/strong> est\u00e1 llena de creatividad, pasi\u00f3n y amor. La l\u00e1mpara est\u00e1 hecha de <strong>rat\u00e1n natural<\/strong> sobre un marco de metal.<\/p>\n<p>El tono natural de la l\u00e1mpara har\u00e1 que se adapte a cualquier interior. Es una soluci\u00f3n perfecta para estilos cl\u00e1sicos, modernos y boho.<\/p>\n<p>&nbsp;<\/p>\n<p><strong>PAR\u00c1METROS T\u00c9CNICOS<\/strong><\/p>\n<p><strong>Dimensiones<\/strong>:<\/p>\n<p>S: 60 cm (di\u00e1metro) x 55 cm (altura)<\/p>\n<p>L: 75 cm (di\u00e1metro) x 70 cm (altura)<\/p>\n<p>XL: 78 cm (di\u00e1metro) x 68 cm (altura)<\/p>\n<p>Las dimensiones pueden variar en 1-3cm.<\/p>\n<p><strong>Material:<\/strong> Rat\u00e1n Natural<\/p>\n<p><strong>Mano de obra:<\/strong> Hecho a mano<\/p>\n<p><strong>Color de la l\u00e1mpara:<\/strong> Negro<\/p>\n<p><strong>El set incluye una pantalla con un cable y una rejilla de metal negro.<\/strong><\/p>\n<p>&nbsp;<\/p>\n<p>Longitud del cable en cm: 90 cm<\/p>\n<p>Dimensiones del enmascarado: 10 cm<\/p>\n<p>Color negro<\/p>\n<p>Fuente de luz: E27 \/ 40W; E27 \/ 40W<\/p>\n<p>En algunos casos, las im\u00e1genes y colores son solo indicativos. Todo lo visible en la pantalla puede verse distorsionado por muchos factores, incluyendo la calibraci\u00f3n de la pantalla, la iluminaci\u00f3n ambiental o el \u00e1ngulo de visi\u00f3n.<\/p>\n","protected":false},"excerpt":{"rendered":"<p>La l\u00e1mpara de rat\u00e1n Cezar es hecha a mano por artesanos indonesios, por lo que tiene energ\u00eda positiva que a\u00f1ade calidez a cualquier arreglo. Las principales ventajas de la l\u00e1mpara son su forma original, que proporciona a la habitaci\u00f3n una atm\u00f3sfera atemporal. Nuestra L\u00e1mpara C\u00e9sar est\u00e1 llena de creatividad, pasi\u00f3n y amor. La l\u00e1mpara est\u00e1 [&hellip;]<\/p>\n","protected":false},"featured_media":45033,"template":"","meta":[],"product_brand":[741],"product_cat":[667,668],"product_tag":[634,631,570,425],"class_list":{"0":"post-48442","1":"product","2":"type-product","3":"status-publish","4":"has-post-thumbnail","6":"product_brand-monnari-es","7":"product_cat-iluminacion","8":"product_cat-lampara-colgante","9":"product_tag-iluminacion","10":"product_tag-lampara-es","11":"product_tag-lampara-colgante","12":"product_tag-ratan-natural","13":"product_shipping_class-pequeno","16":"first","17":"instock","18":"shipping-taxable","19":"purchasable","20":"product-type-variable"},"_links":{"self":[{"href":"https:\/\/dominikahome.com\/es\/wp-json\/wp\/v2\/product\/48442","targetHints":{"allow":["GET"]}}],"collection":[{"href":"https:\/\/dominikahome.com\/es\/wp-json\/wp\/v2\/product"}],"about":[{"href":"https:\/\/dominikahome.com\/es\/wp-json\/wp\/v2\/types\/product"}],"wp:featuredmedia":[{"embeddable":true,"href":"https:\/\/dominikahome.com\/es\/wp-json\/wp\/v2\/media\/45033"}],"wp:attachment":[{"href":"https:\/\/dominikahome.com\/es\/wp-json\/wp\/v2\/media?parent=48442"}],"wp:term":[{"taxonomy":"product_brand","embeddable":true,"href":"https:\/\/dominikahome.com\/es\/wp-json\/wp\/v2\/product_brand?post=48442"},{"taxonomy":"product_cat","embeddable":true,"href":"https:\/\/dominikahome.com\/es\/wp-json\/wp\/v2\/product_cat?post=48442"},{"taxonomy":"product_tag","embeddable":true,"href":"https:\/\/dominikahome.com\/es\/wp-json\/wp\/v2\/product_tag?post=48442"}],"curies":[{"name":"wp","href":"https:\/\/api.w.org\/{rel}","templated":true}]}}