{"id":48453,"date":"2023-11-03T21:02:49","date_gmt":"2023-11-03T21:02:49","guid":{"rendered":"https:\/\/dominikahome.com\/product\/lampara-rumbai-negra-m\/"},"modified":"2023-11-03T21:02:49","modified_gmt":"2023-11-03T21:02:49","slug":"lampara-rumbai-negra-m","status":"publish","type":"product","link":"https:\/\/dominikahome.com\/es\/producto\/lampara-rumbai-negra-m\/","title":{"rendered":"L\u00c1MPARA RUMBAI NEGRA M"},"content":{"rendered":"<p>La l\u00e1mpara Rumbai es hecha a mano por artesanos indonesios con hierba marina, lo que le proporciona energ\u00eda positiva que a\u00f1ade calidez a cualquier arreglo.<\/p>\n<p>Las principales ventajas de la l\u00e1mpara son su forma original, que brinda a la habitaci\u00f3n una atm\u00f3sfera atemporal y un toque de esp\u00edritu tropical y comodidad. El tono natural de la l\u00e1mpara har\u00e1 que se adapte a cualquier interior. Es una soluci\u00f3n perfecta para estilos cl\u00e1sicos, modernos, boho o casas de playa.<\/p>\n<h4>PAR\u00c1METROS T\u00c9CNICOS<\/h4>\n<p><strong>Dimensiones:<\/strong><\/p>\n<p>Tama\u00f1o S: \u00d8 30, altura 34 cm + aprox. 20 cm de flecos de hierba marina +\/- 5 cm<\/p>\n<p>Tama\u00f1o M: \u00d8 40, altura 46 cm + aprox. 20 cm de flecos de hierba marina +\/- 5 cm<\/p>\n<p>Tama\u00f1o L: \u00d8 50, altura 56 cm + aprox. 20 cm de flecos de hierba marina +\/- 5 cm<\/p>\n<p><strong>Material:<\/strong> Hierba marina<\/p>\n<p><strong>Dise\u00f1o:<\/strong> Manual<\/p>\n<p><strong>Color de la l\u00e1mpara:<\/strong> natural\/negro<\/p>\n<p>&nbsp;<\/p>\n<p><strong>El set incluye una pantalla con un cable y una rejilla de metal negro.<\/strong><\/p>\n<p>Longitud del cable en cm: 90 cm<\/p>\n<p>Dimensiones del enmascarado: 10 cm<\/p>\n<p>Color negro<\/p>\n<p>Fuente de luz: E27 \/ 40W; E27 \/ 40W<\/p>\n<p>&nbsp;<\/p>\n<p>En algunos casos, las im\u00e1genes y colores son solo indicativos. Todo lo visible en la pantalla puede verse distorsionado por muchos factores, incluyendo la calibraci\u00f3n de la pantalla, la iluminaci\u00f3n ambiental o el \u00e1ngulo de visi\u00f3n.<\/p>\n","protected":false},"excerpt":{"rendered":"<p>La l\u00e1mpara Rumbai es hecha a mano por artesanos indonesios con hierba marina, lo que le proporciona energ\u00eda positiva que a\u00f1ade calidez a cualquier arreglo. Las principales ventajas de la l\u00e1mpara son su forma original, que brinda a la habitaci\u00f3n una atm\u00f3sfera atemporal y un toque de esp\u00edritu tropical y comodidad. El tono natural de [&hellip;]<\/p>\n","protected":false},"featured_media":44970,"template":"","meta":[],"product_brand":[741],"product_cat":[667,668],"product_tag":[589,634,632,631,570],"class_list":{"0":"post-48453","1":"product","2":"type-product","3":"status-publish","4":"has-post-thumbnail","6":"product_brand-monnari-es","7":"product_cat-iluminacion","8":"product_cat-lampara-colgante","9":"product_tag-hierba-marina","10":"product_tag-iluminacion","11":"product_tag-lampara-es-2","12":"product_tag-lampara-es","13":"product_tag-lampara-colgante","14":"product_shipping_class-s-m-es","17":"first","18":"instock","19":"shipping-taxable","20":"purchasable","21":"product-type-variable"},"_links":{"self":[{"href":"https:\/\/dominikahome.com\/es\/wp-json\/wp\/v2\/product\/48453","targetHints":{"allow":["GET"]}}],"collection":[{"href":"https:\/\/dominikahome.com\/es\/wp-json\/wp\/v2\/product"}],"about":[{"href":"https:\/\/dominikahome.com\/es\/wp-json\/wp\/v2\/types\/product"}],"wp:featuredmedia":[{"embeddable":true,"href":"https:\/\/dominikahome.com\/es\/wp-json\/wp\/v2\/media\/44970"}],"wp:attachment":[{"href":"https:\/\/dominikahome.com\/es\/wp-json\/wp\/v2\/media?parent=48453"}],"wp:term":[{"taxonomy":"product_brand","embeddable":true,"href":"https:\/\/dominikahome.com\/es\/wp-json\/wp\/v2\/product_brand?post=48453"},{"taxonomy":"product_cat","embeddable":true,"href":"https:\/\/dominikahome.com\/es\/wp-json\/wp\/v2\/product_cat?post=48453"},{"taxonomy":"product_tag","embeddable":true,"href":"https:\/\/dominikahome.com\/es\/wp-json\/wp\/v2\/product_tag?post=48453"}],"curies":[{"name":"wp","href":"https:\/\/api.w.org\/{rel}","templated":true}]}}