{"id":48462,"date":"2023-11-03T20:34:51","date_gmt":"2023-11-03T20:34:51","guid":{"rendered":"https:\/\/dominikahome.com\/product\/bruno\/"},"modified":"2023-11-03T20:34:51","modified_gmt":"2023-11-03T20:34:51","slug":"bruno","status":"publish","type":"product","link":"https:\/\/dominikahome.com\/es\/producto\/bruno\/","title":{"rendered":"BRUNO"},"content":{"rendered":"<p>Agrega un ambiente c\u00e1lido a tu sala de estar o espacio de oficina con una <strong>l\u00e1mpara de rat\u00e1n Bruno<\/strong>. Nuestras l\u00e1mparas de rat\u00e1n 100% natural tejidas a mano son tanto de estilo boho como sofisticadas.<\/p>\n<p>Con la <strong>l\u00e1mpara de rat\u00e1n<\/strong> adecuada, no tendr\u00e1s problemas para atraer la atenci\u00f3n. Una <strong>l\u00e1mpara de rat\u00e1n<\/strong> puede ser tan significativa como la luz que genera. Algunas luces podr\u00edan mezclarse con el fondo, pero esta pieza de dise\u00f1o no lo hace.<\/p>\n<p>El dise\u00f1o no siempre se trata de inventar algo nuevo. A veces se trata de colocar elementos en nuevos entornos o de combinar enfoques cl\u00e1sicos con otros m\u00e1s contempor\u00e1neos. Esta pieza de exhibici\u00f3n tropical da un nuevo significado a la decoraci\u00f3n luminosa.<\/p>\n<p>El rat\u00e1n tejido proyecta un patr\u00f3n colorido de luz por todo el espacio y emite un brillo c\u00e1lido y acogedor. El rat\u00e1n se utilizaba anteriormente solo en casas de estilo costero y, m\u00e1s recientemente, en hogares de estilo bohemio. Ahora estamos comenzando a verlo en los espacios m\u00e1s lujosos.<\/p>\n<h2><strong>La importancia de la versatilidad<\/strong><\/h2>\n<p>El aspecto natural \u00fanico combinado con un intrincado dise\u00f1o redondo dejar\u00e1 a tus invitados asombrados. Al elegir decoraciones para el hogar, la versatilidad suele ser una consideraci\u00f3n clave. Afortunadamente, las l\u00e1mparas de rat\u00e1n lucen hermosas en cualquier entorno, independientemente de c\u00f3mo las utilices.<\/p>\n<p>No hay mesita de noche o mesa que no se beneficie de estas caracter\u00edsticas excepcionales. Funcionan igual de bien, colgando individualmente del techo o incluso en un conjunto de diferentes l\u00e1mparas de rat\u00e1n.<\/p>\n<p>La <strong>l\u00e1mpara de rat\u00e1n Bruno<\/strong> es de un color rat\u00e1n natural marr\u00f3n claro y se adaptar\u00e1 a cualquier estilo de dise\u00f1o con el que la combines, ya sea en la terraza de tu lujosa casa de playa o en tus dise\u00f1os de interiores minimalistas modernos.<\/p>\n<h2><strong>Sostenible y duradera<\/strong><\/h2>\n<p>No solo la <strong>l\u00e1mpara de rat\u00e1n Bruno<\/strong> est\u00e1 fabricada de manera sostenible con 100% de rat\u00e1n de origen natural, sino que tambi\u00e9n es un producto muy duradero. As\u00ed es, nuestras l\u00e1mparas de rat\u00e1n \u00fanicas hechas a mano pueden durar m\u00e1s que el resto de tus muebles, ya que est\u00e1n dise\u00f1adas para durar toda la vida.<\/p>\n<p>Fabricamos nuestras l\u00e1mparas de rat\u00e1n con elegantes materiales de rat\u00e1n ecol\u00f3gicos, que provienen de una especie de palma trepadora. Esta especie se encuentra normalmente en climas tropicales. Aportan un acabado boho elegante a cualquier habitaci\u00f3n a trav\u00e9s de sus tonos terrosos relajantes.<\/p>\n<p><b>ESPECIFICACIONES T\u00c9CNICAS:<\/b><\/p>\n<p><b>Dimensiones (pulgadas):<\/b><\/p>\n<p><b>Dimensiones:<\/b><\/p>\n<p><strong>Altura:<\/strong> 52 cm<\/p>\n<p><strong>Ancho:<\/strong> 55 cm<\/p>\n<p><b>Material:<\/b> Rat\u00e1n Natural<\/p>\n<p><b>Prop\u00f3sito:<\/b> dormitorio o sala de estar, comedor sobre la mesa.<\/p>\n<p><b>Hecho a mano<\/b><\/p>\n<p><b>Color:<\/b> Marr\u00f3n claro<\/p>\n<p><b>Longitud del cable:<\/b> 90 CM<\/p>\n<p><b>Fuente de luz:<\/b> E27 \/ 60W; E27 \/ 60W<\/p>\n","protected":false},"excerpt":{"rendered":"<p>Agrega un ambiente c\u00e1lido a tu sala de estar o espacio de oficina con una l\u00e1mpara de rat\u00e1n Bruno. Nuestras l\u00e1mparas de rat\u00e1n 100% natural tejidas a mano son tanto de estilo boho como sofisticadas. Con la l\u00e1mpara de rat\u00e1n adecuada, no tendr\u00e1s problemas para atraer la atenci\u00f3n. Una l\u00e1mpara de rat\u00e1n puede ser tan [&hellip;]<\/p>\n","protected":false},"featured_media":44944,"template":"","meta":[],"product_brand":[741],"product_cat":[667,668],"product_tag":[568,634,631,632,570,425],"class_list":{"0":"post-48462","1":"product","2":"type-product","3":"status-publish","4":"has-post-thumbnail","6":"product_brand-monnari-es","7":"product_cat-iluminacion","8":"product_cat-lampara-colgante","9":"product_tag-hecho-a-mano","10":"product_tag-iluminacion","11":"product_tag-lampara-es","12":"product_tag-lampara-es-2","13":"product_tag-lampara-colgante","14":"product_tag-ratan-natural","15":"product_shipping_class-pequeno","18":"first","19":"instock","20":"shipping-taxable","21":"purchasable","22":"product-type-simple"},"_links":{"self":[{"href":"https:\/\/dominikahome.com\/es\/wp-json\/wp\/v2\/product\/48462","targetHints":{"allow":["GET"]}}],"collection":[{"href":"https:\/\/dominikahome.com\/es\/wp-json\/wp\/v2\/product"}],"about":[{"href":"https:\/\/dominikahome.com\/es\/wp-json\/wp\/v2\/types\/product"}],"wp:featuredmedia":[{"embeddable":true,"href":"https:\/\/dominikahome.com\/es\/wp-json\/wp\/v2\/media\/44944"}],"wp:attachment":[{"href":"https:\/\/dominikahome.com\/es\/wp-json\/wp\/v2\/media?parent=48462"}],"wp:term":[{"taxonomy":"product_brand","embeddable":true,"href":"https:\/\/dominikahome.com\/es\/wp-json\/wp\/v2\/product_brand?post=48462"},{"taxonomy":"product_cat","embeddable":true,"href":"https:\/\/dominikahome.com\/es\/wp-json\/wp\/v2\/product_cat?post=48462"},{"taxonomy":"product_tag","embeddable":true,"href":"https:\/\/dominikahome.com\/es\/wp-json\/wp\/v2\/product_tag?post=48462"}],"curies":[{"name":"wp","href":"https:\/\/api.w.org\/{rel}","templated":true}]}}