{"id":48464,"date":"2023-11-03T15:06:12","date_gmt":"2023-11-03T15:06:12","guid":{"rendered":"https:\/\/dominikahome.com\/product\/rollo\/"},"modified":"2023-11-03T15:06:12","modified_gmt":"2023-11-03T15:06:12","slug":"rollo","status":"publish","type":"product","link":"https:\/\/dominikahome.com\/es\/producto\/rollo\/","title":{"rendered":"ROLLO"},"content":{"rendered":"<p>Nuestra l\u00e1mpara de rat\u00e1n natural tejida a mano de Indonesia a\u00f1adir\u00e1 brillo a tu habitaci\u00f3n. Esta <strong>l\u00e1mpara Rollo de rat\u00e1n<\/strong> es ideal si deseas agregar textura a tu espacio y lograr una est\u00e9tica boho escandinava.<\/p>\n<p>La pasi\u00f3n y el esfuerzo que nuestros artistas ponen en trabajar meticulosamente cada hebra de rat\u00e1n para crear nuestros art\u00edculos de decoraci\u00f3n contribuyen a la singularidad de nuestra <strong>l\u00e1mpara Rollo de rat\u00e1n<\/strong>. Puedes cambiar f\u00e1cilmente el color del rat\u00e1n natural pint\u00e1ndolo, as\u00ed que puedes adaptarlo a cualquier interior si lo deseas.<\/p>\n<p>La <strong>l\u00e1mpara Rollo<\/strong> es una l\u00e1mpara colgante elaborada a mano a partir de 100% rat\u00e1n natural y no contiene aditivos sint\u00e9ticos ni pl\u00e1stico. Tiene una forma cil\u00edndrica (redonda) que se ensancha de arriba hacia abajo, creando una apariencia similar a una c\u00fapula.<\/p>\n<h2><strong>Una amplia variedad de usos<\/strong><\/h2>\n<p>Esta <strong>l\u00e1mpara boho Rollo<\/strong> ecol\u00f3gica est\u00e1 disponible en tres tama\u00f1os: peque\u00f1o, mediano y grande. Te animamos a mezclarlas y combinarlas como desees. Puedes colgar una sola l\u00e1mpara grande en cualquier habitaci\u00f3n de tama\u00f1o medio a grande y proporcionar\u00e1 suficiente luz para toda el \u00e1rea.<\/p>\n<p>Tambi\u00e9n podr\u00edas considerar hacer una exhibici\u00f3n con estas l\u00e1mparas y colgar m\u00e1s de una en una habitaci\u00f3n, ya sea del mismo tama\u00f1o o de diferentes tama\u00f1os. Tambi\u00e9n puedes usar nuestra <strong>l\u00e1mpara boho Rollo<\/strong> en un soporte y colocarlas en una mesa de caf\u00e9 o de noche.<\/p>\n<h2><strong>100% \u00fanica cada vez<\/strong><\/h2>\n<p>La forma \u00fanica que ofrece nuestra <strong>l\u00e1mpara Rollo<\/strong> es su caracter\u00edstica dominante y, como es hecha a mano, no hay dos l\u00e1mparas exactamente iguales. La <strong>l\u00e1mpara boho Rollo<\/strong> complementar\u00e1 cualquier estilo de dise\u00f1o, desde contempor\u00e1neo moderno hasta tropical, gracias a su color de rat\u00e1n natural marr\u00f3n claro.<\/p>\n<p>Viene con un cable negro de 100 cm para facilitar una instalaci\u00f3n m\u00e1s sencilla. Si te gusta el lujo de bajo mantenimiento, entonces los art\u00edculos de decoraci\u00f3n de rat\u00e1n son perfectos para ti. Son ligeros, por lo que puedes moverlos f\u00e1cilmente cuando sientas que deseas un cambio.<\/p>\n<p>Adem\u00e1s, son extremadamente duraderos, as\u00ed que no tendr\u00e1s que preocuparte por que se empa\u00f1en con el tiempo. El rat\u00e1n nunca pasa de moda, as\u00ed que puedes estar seguro de que est\u00e1s comprando una pieza de decoraci\u00f3n atemporal que tambi\u00e9n valora la sostenibilidad.<\/p>\n<p><b>ESPECIFICACIONES T\u00c9CNICAS<\/b><\/p>\n<p><b>Dimensiones de la pantalla:<\/b><\/p>\n<p>Est\u00e1 disponible en <b>tres tama\u00f1os.<\/b><\/p>\n<p><strong>Rollo S:<\/strong><\/p>\n<p>Di\u00e1metro: 30 cm<\/p>\n<p>Altura: 42 cm<\/p>\n<p>Peso: aprox. 1 kg<\/p>\n<p><strong>Rollo M:<\/strong><\/p>\n<p>Di\u00e1metro: 40 cm<\/p>\n<p>Altura: 52 cm<\/p>\n<p>Peso: aprox. 1.3 kg<\/p>\n<p><strong>Rollo L:<\/strong><\/p>\n<p>Di\u00e1metro: 50 cm<\/p>\n<p>Altura: 62 cm<\/p>\n<p>Peso: aprox. 1.5 kg<\/p>\n<p><b>Material:<\/b> Rat\u00e1n Natural<\/p>\n<p><b>Prop\u00f3sito:<\/b> Dormitorio o sala de estar, comedor sobre la mesa.<\/p>\n<p><b>Color:<\/b> Marr\u00f3n claro<\/p>\n<p><b>Longitud del cable:<\/b> 100 CM<\/p>\n<p><b>Fuente de luz:<\/b> E27 \/ 60W; E27 \/ 60W<\/p>\n","protected":false},"excerpt":{"rendered":"<p>Nuestra l\u00e1mpara de rat\u00e1n natural tejida a mano de Indonesia a\u00f1adir\u00e1 brillo a tu habitaci\u00f3n. Esta l\u00e1mpara Rollo de rat\u00e1n es ideal si deseas agregar textura a tu espacio y lograr una est\u00e9tica boho escandinava. La pasi\u00f3n y el esfuerzo que nuestros artistas ponen en trabajar meticulosamente cada hebra de rat\u00e1n para crear nuestros art\u00edculos [&hellip;]<\/p>\n","protected":false},"featured_media":44899,"template":"","meta":[],"product_brand":[741],"product_cat":[667,668],"product_tag":[568,634,632,631,570,425],"class_list":{"0":"post-48464","1":"product","2":"type-product","3":"status-publish","4":"has-post-thumbnail","6":"product_brand-monnari-es","7":"product_cat-iluminacion","8":"product_cat-lampara-colgante","9":"product_tag-hecho-a-mano","10":"product_tag-iluminacion","11":"product_tag-lampara-es-2","12":"product_tag-lampara-es","13":"product_tag-lampara-colgante","14":"product_tag-ratan-natural","15":"product_shipping_class-pequeno","18":"first","19":"instock","20":"shipping-taxable","21":"purchasable","22":"product-type-variable"},"_links":{"self":[{"href":"https:\/\/dominikahome.com\/es\/wp-json\/wp\/v2\/product\/48464","targetHints":{"allow":["GET"]}}],"collection":[{"href":"https:\/\/dominikahome.com\/es\/wp-json\/wp\/v2\/product"}],"about":[{"href":"https:\/\/dominikahome.com\/es\/wp-json\/wp\/v2\/types\/product"}],"wp:featuredmedia":[{"embeddable":true,"href":"https:\/\/dominikahome.com\/es\/wp-json\/wp\/v2\/media\/44899"}],"wp:attachment":[{"href":"https:\/\/dominikahome.com\/es\/wp-json\/wp\/v2\/media?parent=48464"}],"wp:term":[{"taxonomy":"product_brand","embeddable":true,"href":"https:\/\/dominikahome.com\/es\/wp-json\/wp\/v2\/product_brand?post=48464"},{"taxonomy":"product_cat","embeddable":true,"href":"https:\/\/dominikahome.com\/es\/wp-json\/wp\/v2\/product_cat?post=48464"},{"taxonomy":"product_tag","embeddable":true,"href":"https:\/\/dominikahome.com\/es\/wp-json\/wp\/v2\/product_tag?post=48464"}],"curies":[{"name":"wp","href":"https:\/\/api.w.org\/{rel}","templated":true}]}}