{"id":48469,"date":"2023-11-03T14:16:45","date_gmt":"2023-11-03T14:16:45","guid":{"rendered":"https:\/\/dominikahome.com\/product\/mesa-de-ingka\/"},"modified":"2023-11-03T14:16:45","modified_gmt":"2023-11-03T14:16:45","slug":"mesa-de-ingka","status":"publish","type":"product","link":"https:\/\/dominikahome.com\/es\/producto\/mesa-de-ingka\/","title":{"rendered":"MESA DE INGKA"},"content":{"rendered":"<div class=\"section section--tight section-blends section-full\">\n<div class=\"product\">\n<details class=\"product-info__accordion accordion group\" open=\"open\" aria-expanded=\"true\">\n<div class=\"accordion__content\">\n<div class=\"prose\">\n<div>\n<div>\n<p>La mesa INGKA proporciona el equilibrio adecuado entre funcionalidad y elegancia atemporal.<\/p>\n<p>                            <b>Dimensiones:<\/b><\/p>\n<p>Longitud total con respaldo: 130 cm<\/p>\n<p>Anchura total: 100 cm<\/p>\n<p>Profundidad del coj\u00edn: 95 cm<\/p>\n<p>Altura total: 65 cm<\/p>\n<p>Altura del asiento con coj\u00edn: 45 cm<\/p>\n<\/p><\/div>\n<div><\/div>\n<p>                        <strong>Material:<\/strong> Natural Rat\u00e1n\n                    <\/div>\n<div><strong>Hecho a mano<\/strong><\/div>\n<div><\/div>\n<div><strong>Color:<\/strong> Cognac<\/div>\n<div><\/div>\n<div><strong>Prop\u00f3sito:<\/strong> Sala de estar, dormitorio, terraza cubierta, patio o jard\u00edn, hoteles y SPA.<\/div>\n<\/p><\/div>\n<\/p><\/div>\n<\/details><\/div>\n<\/div>\n<div class=\"product-quick-add__variant hidden sm:grid\"><\/div>\n","protected":false},"excerpt":{"rendered":"<p>La mesa INGKA proporciona el equilibrio adecuado entre funcionalidad y elegancia atemporal. Dimensiones: Longitud total con respaldo: 130 cm Anchura total: 100 cm Profundidad del coj\u00edn: 95 cm Altura total: 65 cm Altura del asiento con coj\u00edn: 45 cm Material: Natural Rat\u00e1n Hecho a mano Color: Cognac Prop\u00f3sito: Sala de estar, dormitorio, terraza cubierta, patio [&hellip;]<\/p>\n","protected":false},"featured_media":44811,"template":"","meta":[],"product_brand":[741],"product_cat":[423,434,447],"product_tag":[568,448,425],"class_list":{"0":"post-48469","1":"product","2":"type-product","3":"status-publish","4":"has-post-thumbnail","6":"product_brand-monnari-es","7":"product_cat-exterior","8":"product_cat-mesa","9":"product_cat-mesa-de-centro","10":"product_tag-hecho-a-mano","11":"product_tag-mesa-de-cafe","12":"product_tag-ratan-natural","15":"first","16":"instock","17":"shipping-taxable","18":"purchasable","19":"product-type-simple"},"_links":{"self":[{"href":"https:\/\/dominikahome.com\/es\/wp-json\/wp\/v2\/product\/48469","targetHints":{"allow":["GET"]}}],"collection":[{"href":"https:\/\/dominikahome.com\/es\/wp-json\/wp\/v2\/product"}],"about":[{"href":"https:\/\/dominikahome.com\/es\/wp-json\/wp\/v2\/types\/product"}],"wp:featuredmedia":[{"embeddable":true,"href":"https:\/\/dominikahome.com\/es\/wp-json\/wp\/v2\/media\/44811"}],"wp:attachment":[{"href":"https:\/\/dominikahome.com\/es\/wp-json\/wp\/v2\/media?parent=48469"}],"wp:term":[{"taxonomy":"product_brand","embeddable":true,"href":"https:\/\/dominikahome.com\/es\/wp-json\/wp\/v2\/product_brand?post=48469"},{"taxonomy":"product_cat","embeddable":true,"href":"https:\/\/dominikahome.com\/es\/wp-json\/wp\/v2\/product_cat?post=48469"},{"taxonomy":"product_tag","embeddable":true,"href":"https:\/\/dominikahome.com\/es\/wp-json\/wp\/v2\/product_tag?post=48469"}],"curies":[{"name":"wp","href":"https:\/\/api.w.org\/{rel}","templated":true}]}}