{"id":48473,"date":"2023-11-03T14:06:40","date_gmt":"2023-11-03T14:06:40","guid":{"rendered":"https:\/\/dominikahome.com\/product\/cama-solar-tegal\/"},"modified":"2025-01-13T14:21:41","modified_gmt":"2025-01-13T14:21:41","slug":"cama-solar-tegal","status":"publish","type":"product","link":"https:\/\/dominikahome.com\/es\/producto\/cama-solar-tegal\/","title":{"rendered":"CAMA SOLAR Camil Tumbona"},"content":{"rendered":"<p class=\"p1\">Disfruta del sol directamente desde este moderno chaise longue de rat\u00e1n. El chaise longue de rat\u00e1n Camil est\u00e1 hecho de rat\u00e1n natural y ecol\u00f3gico en un color cognac claro.<\/p>\n<p>Nuestros dise\u00f1adores quer\u00edan que fuera un elemento llamativo y definitivamente lo lograron. La silla de rat\u00e1n Camil tiene una forma moderna y distintiva, con curvas contempor\u00e1neas y l\u00edneas geom\u00e9tricas que hacen de esta pieza de mobiliario algo \u00fanico. Es la est\u00e9tica natural y de alta gama definitiva para tu espacio, sin importar d\u00f3nde la utilices.<\/p>\n<p>El m\u00e1s alto nivel de seguridad y comodidad est\u00e1 asegurado por su s\u00f3lida mano de obra y forma.<\/p>\n<p>Nuestra misi\u00f3n es prestar atenci\u00f3n a cada detalle y garantizar la m\u00e1s alta calidad del producto. El material utilizado garantiza que podr\u00e1s disfrutar del mobiliario durante muchos a\u00f1os.<\/p>\n<p class=\"p2\"><strong>DIMENSIONES T\u00c9CNICAS:<\/strong><\/p>\n<p><strong>Dimensiones:<\/strong><\/p>\n<p>Anchura: 67 cm<\/p>\n<p>Altura: 90 cm<\/p>\n<p>Profundidad: 170 cm<\/p>\n<p class=\"p1\"><strong>Hecho a mano<\/strong><\/p>\n<p class=\"p1\"><strong>Material:<\/strong> Rat\u00e1n genuino<\/p>\n<p class=\"p1\"><strong>Color:<\/strong> Cognac<\/p>\n<p><strong>Prop\u00f3sito:<\/strong> Sala de estar, dormitorio, terraza cubierta, patio o jard\u00edn, hoteles y SPA.<\/p>\n<p><strong>\u00bfPor qu\u00e9 deber\u00edas comprar productos de rat\u00e1n?<\/strong><\/p>\n<p>El rat\u00e1n contribuye a la preservaci\u00f3n de los bosques. El rat\u00e1n solo crece entre otros \u00e1rboles en diversos bosques de \u00c1frica, Asia y Australia, lo que significa que ayuda a sustentar los bosques en todo el mundo. Aunque la deforestaci\u00f3n ha disminuido significativamente en las \u00faltimas d\u00e9cadas, a\u00fan perdemos alrededor de 13 millones de hect\u00e1reas de bosque cada a\u00f1o. El rat\u00e1n tambi\u00e9n crece en llanuras aluviales que permanecen sin aprovechar, lo que ayuda a fomentar la poblaci\u00f3n animal y apoyar mucho m\u00e1s.<\/p>\n<p>-Dise\u00f1o elegante y moderno<br \/>\n-Fuerte y duradero<\/p>\n<p>Env\u00edo en 10 d\u00edas<\/p>\n","protected":false},"excerpt":{"rendered":"<p>HANDMADE<\/p>\n","protected":false},"featured_media":44855,"template":"","meta":[],"product_brand":[],"product_cat":[423,750],"product_tag":[649,568,425],"class_list":{"0":"post-48473","1":"product","2":"type-product","3":"status-publish","4":"has-post-thumbnail","6":"product_cat-exterior","7":"product_cat-lo-mas-valorado","8":"product_tag-cama-solar","9":"product_tag-hecho-a-mano","10":"product_tag-ratan-natural","11":"product_shipping_class-silla","14":"first","15":"instock","16":"shipping-taxable","17":"purchasable","18":"product-type-simple"},"_links":{"self":[{"href":"https:\/\/dominikahome.com\/es\/wp-json\/wp\/v2\/product\/48473","targetHints":{"allow":["GET"]}}],"collection":[{"href":"https:\/\/dominikahome.com\/es\/wp-json\/wp\/v2\/product"}],"about":[{"href":"https:\/\/dominikahome.com\/es\/wp-json\/wp\/v2\/types\/product"}],"wp:featuredmedia":[{"embeddable":true,"href":"https:\/\/dominikahome.com\/es\/wp-json\/wp\/v2\/media\/44855"}],"wp:attachment":[{"href":"https:\/\/dominikahome.com\/es\/wp-json\/wp\/v2\/media?parent=48473"}],"wp:term":[{"taxonomy":"product_brand","embeddable":true,"href":"https:\/\/dominikahome.com\/es\/wp-json\/wp\/v2\/product_brand?post=48473"},{"taxonomy":"product_cat","embeddable":true,"href":"https:\/\/dominikahome.com\/es\/wp-json\/wp\/v2\/product_cat?post=48473"},{"taxonomy":"product_tag","embeddable":true,"href":"https:\/\/dominikahome.com\/es\/wp-json\/wp\/v2\/product_tag?post=48473"}],"curies":[{"name":"wp","href":"https:\/\/api.w.org\/{rel}","templated":true}]}}