{"id":48474,"date":"2023-11-03T14:14:03","date_gmt":"2023-11-03T14:14:03","guid":{"rendered":"https:\/\/dominikahome.com\/product\/mesa-carla\/"},"modified":"2023-11-03T14:14:03","modified_gmt":"2023-11-03T14:14:03","slug":"mesa-carla","status":"publish","type":"product","link":"https:\/\/dominikahome.com\/es\/producto\/mesa-carla\/","title":{"rendered":"Mesa CARLA"},"content":{"rendered":"<p>La mesa puede mejorar la est\u00e9tica del dise\u00f1o interior, mientras aumenta su funcionalidad.<\/p>\n<p>Carla es una mesa de caf\u00e9 al estilo de una isla tropical.<\/p>\n<p>Funciona en la mayor\u00eda de los hogares, ya sea en estilo industrial, tropical o moderno escandinavo.<\/p>\n<p>La mesa de rat\u00e1n Carla atraer\u00e1 a las personas que disfrutan de un dise\u00f1o interesante y se preocupan por el medio ambiente.<\/p>\n<p>Las \u00faltimas tendencias en mobiliario est\u00e1n dominadas por la naturaleza, haciendo referencia a la ecolog\u00eda y al cuidado del medio ambiente.<\/p>\n<p>Por eso, la pr\u00f3xima temporada estar\u00e1 fuertemente inspirada en muebles y decoraciones de origen natural.<\/p>\n<p>El rat\u00e1n natural est\u00e1 lleno de c\u00e1lidos tonos terracota y encaja perfectamente en esta tendencia.<\/p>\n<p>&nbsp;<\/p>\n<p><b>ESPECIFICACIONES T\u00c9CNICAS:<\/b><\/p>\n<p><b>Dimensiones:<\/b><\/p>\n<p>Altura: 41 cm<\/p>\n<p>Anchura: 90 cm<\/p>\n<p>Longitud: 90 cm<\/p>\n<p>Tama\u00f1o de la mesa: 90&#215;90<\/p>\n<p>Peso: 7 kg<\/p>\n<p><b>Material:<\/b> <span style=\"font-weight: 400;\">Rat\u00e1n<\/span><\/p>\n<p><b>Hecho a mano<\/b><\/p>\n<p><b>Ejecutado:<\/b> <span style=\"font-weight: 400;\">Hecho a mano de fibra de rat\u00e1n y rat\u00e1n natural<\/span><\/p>\n<p><b>Color:<\/b> <span style=\"font-weight: 400;\">Miel clara<\/span><\/p>\n<p><span style=\"font-weight: 400;\">La mesa es muy ligera<\/span><\/p>\n<p><b>Prop\u00f3sito:<\/b> <span style=\"font-weight: 400;\">Sala de estar, dormitorio, terraza cubierta, patio o jard\u00edn.<\/span><\/p>\n","protected":false},"excerpt":{"rendered":"<p>La mesa puede mejorar la est\u00e9tica del dise\u00f1o interior, mientras aumenta su funcionalidad. Carla es una mesa de caf\u00e9 al estilo de una isla tropical. Funciona en la mayor\u00eda de los hogares, ya sea en estilo industrial, tropical o moderno escandinavo. La mesa de rat\u00e1n Carla atraer\u00e1 a las personas que disfrutan de un dise\u00f1o [&hellip;]<\/p>\n","protected":false},"featured_media":44826,"template":"","meta":[],"product_brand":[],"product_cat":[423,434,447],"product_tag":[568,448,425],"class_list":{"0":"post-48474","1":"product","2":"type-product","3":"status-publish","4":"has-post-thumbnail","6":"product_cat-exterior","7":"product_cat-mesa","8":"product_cat-mesa-de-centro","9":"product_tag-hecho-a-mano","10":"product_tag-mesa-de-cafe","11":"product_tag-ratan-natural","14":"first","15":"instock","16":"shipping-taxable","17":"purchasable","18":"product-type-simple"},"_links":{"self":[{"href":"https:\/\/dominikahome.com\/es\/wp-json\/wp\/v2\/product\/48474","targetHints":{"allow":["GET"]}}],"collection":[{"href":"https:\/\/dominikahome.com\/es\/wp-json\/wp\/v2\/product"}],"about":[{"href":"https:\/\/dominikahome.com\/es\/wp-json\/wp\/v2\/types\/product"}],"wp:featuredmedia":[{"embeddable":true,"href":"https:\/\/dominikahome.com\/es\/wp-json\/wp\/v2\/media\/44826"}],"wp:attachment":[{"href":"https:\/\/dominikahome.com\/es\/wp-json\/wp\/v2\/media?parent=48474"}],"wp:term":[{"taxonomy":"product_brand","embeddable":true,"href":"https:\/\/dominikahome.com\/es\/wp-json\/wp\/v2\/product_brand?post=48474"},{"taxonomy":"product_cat","embeddable":true,"href":"https:\/\/dominikahome.com\/es\/wp-json\/wp\/v2\/product_cat?post=48474"},{"taxonomy":"product_tag","embeddable":true,"href":"https:\/\/dominikahome.com\/es\/wp-json\/wp\/v2\/product_tag?post=48474"}],"curies":[{"name":"wp","href":"https:\/\/api.w.org\/{rel}","templated":true}]}}