{"id":48479,"date":"2023-11-03T13:56:34","date_gmt":"2023-11-03T13:56:34","guid":{"rendered":"https:\/\/dominikahome.com\/product\/cama-solar-florence\/"},"modified":"2025-01-13T14:22:31","modified_gmt":"2025-01-13T14:22:31","slug":"cama-solar-florence","status":"publish","type":"product","link":"https:\/\/dominikahome.com\/es\/producto\/cama-solar-florence\/","title":{"rendered":"CAMA SOLAR FLORENCE tumbona"},"content":{"rendered":"<div class=\"section section--tight section-blends section-full\">\n<div class=\"product\">\n<details class=\"product-info__accordion accordion group\" open=\"\" aria-expanded=\"true\">\n<div class=\"accordion__content\">\n<div class=\"prose\">\n<p>El chaise longue Florence est\u00e1 hecho por un artesano balin\u00e9s con materiales naturales como la madera de teca y trenzado de celulosa biodegradable.<\/p>\n<p>Su estructura completa est\u00e1 hecha de madera de teca ex\u00f3tica, lo que garantiza excelentes par\u00e1metros de resistencia. Numerosos aceites naturales y \u00e1cidos est\u00e1n incluidos en la producci\u00f3n de la madera, haci\u00e9ndola duradera. Gracias a la protecci\u00f3n natural contra factores radiactivos y filtros, no requiere protecci\u00f3n adicional.<\/p>\n<p>El respaldo est\u00e1 hecho de trenzado de celulosa, lo que le da al chaise longue un aspecto natural. Es una soluci\u00f3n ideal para los amantes de la naturaleza, para quienes es sin\u00f3nimo de desconexi\u00f3n de la realidad y relajaci\u00f3n.<\/p>\n<p><strong>Dimensiones:<\/strong><\/p>\n<p>Longitud 170 cm x Altura 79 cm x Anchura 60 cm.<\/p>\n<\/div>\n<\/div>\n<\/details>\n<\/div>\n<\/div>\n<div class=\"product-quick-add__variant hidden sm:grid\"><\/div>\n","protected":false},"excerpt":{"rendered":"<p>El chaise longue Florence est\u00e1 hecho por un artesano balin\u00e9s con materiales naturales como la madera de teca y trenzado de celulosa biodegradable. Su estructura completa est\u00e1 hecha de madera de teca ex\u00f3tica, lo que garantiza excelentes par\u00e1metros de resistencia. Numerosos aceites naturales y \u00e1cidos est\u00e1n incluidos en la producci\u00f3n de la madera, haci\u00e9ndola duradera. [&hellip;]<\/p>\n","protected":false},"featured_media":44891,"template":"","meta":[],"product_brand":[],"product_cat":[423],"product_tag":[],"class_list":{"0":"post-48479","1":"product","2":"type-product","3":"status-publish","4":"has-post-thumbnail","6":"product_cat-exterior","7":"product_shipping_class-silla","10":"first","11":"instock","12":"shipping-taxable","13":"purchasable","14":"product-type-simple"},"_links":{"self":[{"href":"https:\/\/dominikahome.com\/es\/wp-json\/wp\/v2\/product\/48479","targetHints":{"allow":["GET"]}}],"collection":[{"href":"https:\/\/dominikahome.com\/es\/wp-json\/wp\/v2\/product"}],"about":[{"href":"https:\/\/dominikahome.com\/es\/wp-json\/wp\/v2\/types\/product"}],"wp:featuredmedia":[{"embeddable":true,"href":"https:\/\/dominikahome.com\/es\/wp-json\/wp\/v2\/media\/44891"}],"wp:attachment":[{"href":"https:\/\/dominikahome.com\/es\/wp-json\/wp\/v2\/media?parent=48479"}],"wp:term":[{"taxonomy":"product_brand","embeddable":true,"href":"https:\/\/dominikahome.com\/es\/wp-json\/wp\/v2\/product_brand?post=48479"},{"taxonomy":"product_cat","embeddable":true,"href":"https:\/\/dominikahome.com\/es\/wp-json\/wp\/v2\/product_cat?post=48479"},{"taxonomy":"product_tag","embeddable":true,"href":"https:\/\/dominikahome.com\/es\/wp-json\/wp\/v2\/product_tag?post=48479"}],"curies":[{"name":"wp","href":"https:\/\/api.w.org\/{rel}","templated":true}]}}