{"id":48480,"date":"2023-11-03T13:56:45","date_gmt":"2023-11-03T13:56:45","guid":{"rendered":"https:\/\/dominikahome.com\/product\/hamaca-pamela\/"},"modified":"2023-11-03T13:56:45","modified_gmt":"2023-11-03T13:56:45","slug":"hamaca-pamela","status":"publish","type":"product","link":"https:\/\/dominikahome.com\/es\/producto\/hamaca-pamela\/","title":{"rendered":"HAMACA PAMELA"},"content":{"rendered":"<div class=\"section section--tight section-blends section-full\">\n<div class=\"product\">\n<details class=\"product-info__accordion accordion group\" open=\"\" aria-expanded=\"true\">\n<div class=\"accordion__content\">\n<div class=\"prose\">\n<p>La tumbona Pamela, hecha de madera de teca, es la soluci\u00f3n perfecta para crear una atm\u00f3sfera ex\u00f3tica \u00fanica en el jard\u00edn, terraza o \u00e1rea de SPA.<\/p>\n<p>Cada detalle de la tumbona ha sido cuidadosamente elaborado a mano por artesanos indonesios.<\/p>\n<p>La tumbona Pamela es ligera y muy c\u00f3moda. Ideal para descansar y relajarse.<\/p>\n<p>                    <strong>Dimensiones:<\/strong><\/p>\n<p>Longitud 200 cm<\/p>\n<p>Altura 50 cm<\/p>\n<p>Anchura 70 cm<\/p>\n<\/p><\/div>\n<\/p><\/div>\n<\/details><\/div>\n<\/div>\n<div class=\"product-quick-add__variant hidden sm:grid\"><\/div>\n","protected":false},"excerpt":{"rendered":"<p>La tumbona Pamela, hecha de madera de teca, es la soluci\u00f3n perfecta para crear una atm\u00f3sfera ex\u00f3tica \u00fanica en el jard\u00edn, terraza o \u00e1rea de SPA. Cada detalle de la tumbona ha sido cuidadosamente elaborado a mano por artesanos indonesios. La tumbona Pamela es ligera y muy c\u00f3moda. Ideal para descansar y relajarse. Dimensiones: Longitud [&hellip;]<\/p>\n","protected":false},"featured_media":44882,"template":"","meta":[],"product_brand":[274],"product_cat":[423],"product_tag":[568],"class_list":{"0":"post-48480","1":"product","2":"type-product","3":"status-publish","4":"has-post-thumbnail","6":"product_brand-monnari","7":"product_cat-exterior","8":"product_tag-hecho-a-mano","9":"product_shipping_class-silla","12":"first","13":"instock","14":"shipping-taxable","15":"purchasable","16":"product-type-simple"},"_links":{"self":[{"href":"https:\/\/dominikahome.com\/es\/wp-json\/wp\/v2\/product\/48480","targetHints":{"allow":["GET"]}}],"collection":[{"href":"https:\/\/dominikahome.com\/es\/wp-json\/wp\/v2\/product"}],"about":[{"href":"https:\/\/dominikahome.com\/es\/wp-json\/wp\/v2\/types\/product"}],"wp:featuredmedia":[{"embeddable":true,"href":"https:\/\/dominikahome.com\/es\/wp-json\/wp\/v2\/media\/44882"}],"wp:attachment":[{"href":"https:\/\/dominikahome.com\/es\/wp-json\/wp\/v2\/media?parent=48480"}],"wp:term":[{"taxonomy":"product_brand","embeddable":true,"href":"https:\/\/dominikahome.com\/es\/wp-json\/wp\/v2\/product_brand?post=48480"},{"taxonomy":"product_cat","embeddable":true,"href":"https:\/\/dominikahome.com\/es\/wp-json\/wp\/v2\/product_cat?post=48480"},{"taxonomy":"product_tag","embeddable":true,"href":"https:\/\/dominikahome.com\/es\/wp-json\/wp\/v2\/product_tag?post=48480"}],"curies":[{"name":"wp","href":"https:\/\/api.w.org\/{rel}","templated":true}]}}