{"id":48482,"date":"2023-11-04T13:05:19","date_gmt":"2023-11-04T13:05:19","guid":{"rendered":"https:\/\/dominikahome.com\/product\/lampara-lola\/"},"modified":"2023-11-04T13:05:19","modified_gmt":"2023-11-04T13:05:19","slug":"lampara-lola","status":"publish","type":"product","link":"https:\/\/dominikahome.com\/es\/producto\/lampara-lola\/","title":{"rendered":"L\u00c1MPARA LOLA"},"content":{"rendered":"<p>Par\u00e1metros:<\/p>\n<p>Dimensiones de la base: 25 cm<\/p>\n<p>Di\u00e1metro de la l\u00e1mpara: 20 cm<\/p>\n<p>Altura total: 150 cm<\/p>\n<p>Peso: Aproximadamente 2.50 kg<\/p>\n<p>La l\u00e1mpara tiene dos puntos de iluminaci\u00f3n.<\/p>\n","protected":false},"excerpt":{"rendered":"<p>Par\u00e1metros: Dimensiones de la base: 25 cm Di\u00e1metro de la l\u00e1mpara: 20 cm Altura total: 150 cm Peso: Aproximadamente 2.50 kg La l\u00e1mpara tiene dos puntos de iluminaci\u00f3n.<\/p>\n","protected":false},"featured_media":45154,"template":"","meta":[],"product_brand":[274],"product_cat":[667,669],"product_tag":[631,646],"class_list":{"0":"post-48482","1":"product","2":"type-product","3":"status-publish","4":"has-post-thumbnail","6":"product_brand-monnari","7":"product_cat-iluminacion","8":"product_cat-standing-lamp-es","9":"product_tag-lampara-es","10":"product_tag-lampara-de-pie","11":"product_shipping_class-pequeno","14":"first","15":"instock","16":"shipping-taxable","17":"purchasable","18":"product-type-simple"},"_links":{"self":[{"href":"https:\/\/dominikahome.com\/es\/wp-json\/wp\/v2\/product\/48482","targetHints":{"allow":["GET"]}}],"collection":[{"href":"https:\/\/dominikahome.com\/es\/wp-json\/wp\/v2\/product"}],"about":[{"href":"https:\/\/dominikahome.com\/es\/wp-json\/wp\/v2\/types\/product"}],"wp:featuredmedia":[{"embeddable":true,"href":"https:\/\/dominikahome.com\/es\/wp-json\/wp\/v2\/media\/45154"}],"wp:attachment":[{"href":"https:\/\/dominikahome.com\/es\/wp-json\/wp\/v2\/media?parent=48482"}],"wp:term":[{"taxonomy":"product_brand","embeddable":true,"href":"https:\/\/dominikahome.com\/es\/wp-json\/wp\/v2\/product_brand?post=48482"},{"taxonomy":"product_cat","embeddable":true,"href":"https:\/\/dominikahome.com\/es\/wp-json\/wp\/v2\/product_cat?post=48482"},{"taxonomy":"product_tag","embeddable":true,"href":"https:\/\/dominikahome.com\/es\/wp-json\/wp\/v2\/product_tag?post=48482"}],"curies":[{"name":"wp","href":"https:\/\/api.w.org\/{rel}","templated":true}]}}