{"id":48484,"date":"2023-11-04T13:55:51","date_gmt":"2023-11-04T13:55:51","guid":{"rendered":"https:\/\/dominikahome.com\/product\/lampara-longitudinal-lenosa\/"},"modified":"2023-11-04T13:55:51","modified_gmt":"2023-11-04T13:55:51","slug":"lampara-longitudinal-lenosa","status":"publish","type":"product","link":"https:\/\/dominikahome.com\/es\/producto\/lampara-longitudinal-lenosa\/","title":{"rendered":"L\u00c1MPARA LONGITUDINAL LE\u00d1OSA"},"content":{"rendered":"<p>La l\u00e1mpara Woody est\u00e1 hecha a mano de rat\u00e1n con un elemento de madera de teca natural.<\/p>\n<p>La l\u00e1mpara iluminar\u00e1 y decorar\u00e1 el interior, y al mismo tiempo aportar\u00e1 un aire de frescura, naturalidad y modernidad. Se ve genial en habitaciones amuebladas de manera tradicional, en estilos boho, moderno, minimalista o r\u00fastico.<\/p>\n<p>Tama\u00f1o de la l\u00e1mpara:<\/p>\n<p>L\u00e1mpara Woody alargada:<\/p>\n<p>Altura 57 cm x di\u00e1metro 20 cm<\/p>\n<p>&nbsp;<\/p>\n<p>El set incluye un cable de 90 cm de longitud.<\/p>\n<p>&nbsp;<\/p>\n<div>\n<div dir=\"ltr\" data-smartmail=\"gmail_signature\">\n<div dir=\"ltr\">\n<div dir=\"ltr\">\n<div dir=\"ltr\">\n<div dir=\"ltr\">\n<div dir=\"ltr\">\n<div dir=\"ltr\">\n<div dir=\"ltr\">\n<div dir=\"ltr\">\n<div dir=\"ltr\">\n<div dir=\"ltr\">\n<div dir=\"ltr\">\n<div dir=\"ltr\">\n<div dir=\"ltr\">\n<div dir=\"ltr\">\n<div dir=\"ltr\">\n<div dir=\"ltr\">\n<p>                                                                        En algunos casos, las im\u00e1genes y colores son solo indicativos. Todo lo visible en la pantalla puede verse distorsionado por muchos factores, incluyendo la calibraci\u00f3n de la pantalla, la iluminaci\u00f3n ambiental o el \u00e1ngulo de visi\u00f3n.<\/p><\/div>\n<\/p><\/div>\n<\/p><\/div>\n<\/p><\/div>\n<\/p><\/div>\n<\/p><\/div>\n<\/p><\/div>\n<\/p><\/div>\n<\/p><\/div>\n<\/p><\/div>\n<\/p><\/div>\n<\/p><\/div>\n<\/p><\/div>\n<\/p><\/div>\n<\/p><\/div>\n<\/p><\/div>\n<\/p><\/div>\n<\/div>\n","protected":false},"excerpt":{"rendered":"<p>La l\u00e1mpara Woody est\u00e1 hecha a mano de rat\u00e1n con un elemento de madera de teca natural. La l\u00e1mpara iluminar\u00e1 y decorar\u00e1 el interior, y al mismo tiempo aportar\u00e1 un aire de frescura, naturalidad y modernidad. Se ve genial en habitaciones amuebladas de manera tradicional, en estilos boho, moderno, minimalista o r\u00fastico. Tama\u00f1o de la [&hellip;]<\/p>\n","protected":false},"featured_media":45293,"template":"","meta":[],"product_brand":[274],"product_cat":[667,668],"product_tag":[568,634,632,584],"class_list":{"0":"post-48484","1":"product","2":"type-product","3":"status-publish","4":"has-post-thumbnail","6":"product_brand-monnari","7":"product_cat-iluminacion","8":"product_cat-lampara-colgante","9":"product_tag-hecho-a-mano","10":"product_tag-iluminacion","11":"product_tag-lampara-es-2","12":"product_tag-madera-de-teka-natural","13":"product_shipping_class-pequeno","16":"first","17":"instock","18":"shipping-taxable","19":"purchasable","20":"product-type-simple"},"_links":{"self":[{"href":"https:\/\/dominikahome.com\/es\/wp-json\/wp\/v2\/product\/48484","targetHints":{"allow":["GET"]}}],"collection":[{"href":"https:\/\/dominikahome.com\/es\/wp-json\/wp\/v2\/product"}],"about":[{"href":"https:\/\/dominikahome.com\/es\/wp-json\/wp\/v2\/types\/product"}],"wp:featuredmedia":[{"embeddable":true,"href":"https:\/\/dominikahome.com\/es\/wp-json\/wp\/v2\/media\/45293"}],"wp:attachment":[{"href":"https:\/\/dominikahome.com\/es\/wp-json\/wp\/v2\/media?parent=48484"}],"wp:term":[{"taxonomy":"product_brand","embeddable":true,"href":"https:\/\/dominikahome.com\/es\/wp-json\/wp\/v2\/product_brand?post=48484"},{"taxonomy":"product_cat","embeddable":true,"href":"https:\/\/dominikahome.com\/es\/wp-json\/wp\/v2\/product_cat?post=48484"},{"taxonomy":"product_tag","embeddable":true,"href":"https:\/\/dominikahome.com\/es\/wp-json\/wp\/v2\/product_tag?post=48484"}],"curies":[{"name":"wp","href":"https:\/\/api.w.org\/{rel}","templated":true}]}}