{"id":48489,"date":"2023-11-04T13:52:12","date_gmt":"2023-11-04T13:52:12","guid":{"rendered":"https:\/\/dominikahome.com\/product\/lampara-si-tamano-m-natural\/"},"modified":"2023-11-04T13:52:12","modified_gmt":"2023-11-04T13:52:12","slug":"lampara-si-tamano-m-natural","status":"publish","type":"product","link":"https:\/\/dominikahome.com\/es\/producto\/lampara-si-tamano-m-natural\/","title":{"rendered":"L\u00c1MPARA SI TAMA\u00d1O M NATURAL"},"content":{"rendered":"<div class=\"product-tab\" data-tab=\"box_description\">\n<div class=\"innerbox\">\n<div class=\"resetcss\">\n<p>            <strong>Dimensiones de la l\u00e1mpara:<\/strong><\/p>\n<p>            <strong>Tama\u00f1o S:<\/strong><\/p>\n<ul>\n<li>Altura total: 34 cm,<\/li>\n<li>Altura de la base: 21 cm,<\/li>\n<li>Altura de la pantalla: 14 cm,<\/li>\n<li>Di\u00e1metro de la pantalla: 20 cm,<\/li>\n<li>Longitud del cable: 170 cm<\/li>\n<\/ul>\n<p>            <strong>Tama\u00f1o M:<\/strong><\/p>\n<ul>\n<li>Altura total: 40 cm,<\/li>\n<li>Altura de la base: 27 cm,<\/li>\n<li>Altura de la pantalla: 15 cm,<\/li>\n<li>Di\u00e1metro de la pantalla: 30 cm,<\/li>\n<li>Longitud del cable: 170 cm<\/li>\n<\/ul><\/div>\n<\/p><\/div>\n<\/div>\n<div class=\"product-tab\" data-tab=\"box_description\">\n<div class=\"innerbox tab-content product-attributes zebra\"><\/div>\n<\/div>\n","protected":false},"excerpt":{"rendered":"<p>Dimensiones de la l\u00e1mpara: Tama\u00f1o S: Altura total: 34 cm, Altura de la base: 21 cm, Altura de la pantalla: 14 cm, Di\u00e1metro de la pantalla: 20 cm, Longitud del cable: 170 cm Tama\u00f1o M: Altura total: 40 cm, Altura de la base: 27 cm, Altura de la pantalla: 15 cm, Di\u00e1metro de la pantalla: [&hellip;]<\/p>\n","protected":false},"featured_media":45326,"template":"","meta":[],"product_brand":[274],"product_cat":[667,672],"product_tag":[568,634,631,632],"class_list":{"0":"post-48489","1":"product","2":"type-product","3":"status-publish","4":"has-post-thumbnail","6":"product_brand-monnari","7":"product_cat-iluminacion","8":"product_cat-lampara-de-mesa","9":"product_tag-hecho-a-mano","10":"product_tag-iluminacion","11":"product_tag-lampara-es","12":"product_tag-lampara-es-2","13":"product_shipping_class-pequeno","16":"first","17":"instock","18":"shipping-taxable","19":"purchasable","20":"product-type-variable"},"_links":{"self":[{"href":"https:\/\/dominikahome.com\/es\/wp-json\/wp\/v2\/product\/48489","targetHints":{"allow":["GET"]}}],"collection":[{"href":"https:\/\/dominikahome.com\/es\/wp-json\/wp\/v2\/product"}],"about":[{"href":"https:\/\/dominikahome.com\/es\/wp-json\/wp\/v2\/types\/product"}],"wp:featuredmedia":[{"embeddable":true,"href":"https:\/\/dominikahome.com\/es\/wp-json\/wp\/v2\/media\/45326"}],"wp:attachment":[{"href":"https:\/\/dominikahome.com\/es\/wp-json\/wp\/v2\/media?parent=48489"}],"wp:term":[{"taxonomy":"product_brand","embeddable":true,"href":"https:\/\/dominikahome.com\/es\/wp-json\/wp\/v2\/product_brand?post=48489"},{"taxonomy":"product_cat","embeddable":true,"href":"https:\/\/dominikahome.com\/es\/wp-json\/wp\/v2\/product_cat?post=48489"},{"taxonomy":"product_tag","embeddable":true,"href":"https:\/\/dominikahome.com\/es\/wp-json\/wp\/v2\/product_tag?post=48489"}],"curies":[{"name":"wp","href":"https:\/\/api.w.org\/{rel}","templated":true}]}}