{"id":48495,"date":"2023-11-03T12:42:32","date_gmt":"2023-11-03T12:42:32","guid":{"rendered":"https:\/\/dominikahome.com\/product\/tegal-oval\/"},"modified":"2023-11-03T12:42:32","modified_gmt":"2023-11-03T12:42:32","slug":"tegal-oval","status":"publish","type":"product","link":"https:\/\/dominikahome.com\/es\/producto\/tegal-oval\/","title":{"rendered":"TEGAL OVAL"},"content":{"rendered":"<p>Los muebles de rat\u00e1n, como la <strong>mesa de caf\u00e9 ovalada Tegal,<\/strong> aportan calidez y confort natural a tu hogar. Esta pieza no solo es funcional, sino tambi\u00e9n hermosa y sostenible. Los muebles de rat\u00e1n ayudan a proteger el medio ambiente mientras proporcionan un estilo moderno a tu hogar. Usa la <strong>mesa de caf\u00e9 ovalada<\/strong> para completar tu sala de estar, terraza o patio con su elegante forma ovalada.<\/p>\n<h2><strong>Decora tu hogar con la mesa de caf\u00e9 ovalada Tegal<\/strong><\/h2>\n<p>Al usar una <strong>mesa de caf\u00e9 ovalada de rat\u00e1n<\/strong> en tu hogar, a\u00f1ades calidez natural que realza casi cualquier esquema de color. Es una pieza vers\u00e1til que puedes usar en casi cualquier habitaci\u00f3n de tu casa, adem\u00e1s de ser funcional gracias a su forma ovalada que complementa tus piezas existentes.<\/p>\n<p>La <strong>mesa de caf\u00e9 de rat\u00e1n<\/strong> ofrece un color de madera natural y ligera que realza casi cualquier esquema de color que elijas en tu hogar.<\/p>\n<h2><strong>Muebles de rat\u00e1n a la moda<\/strong><\/h2>\n<p>Los colores de madera natural crean una sensaci\u00f3n acogedora y no es de extra\u00f1ar que los muebles de madera siempre hayan sido populares en las tendencias de dise\u00f1o. Seguimos las \u00faltimas tendencias dominadas por la madera natural en lugar de productos de madera terminados. Creemos en hacer esto sin el efecto da\u00f1ino en los bosques. El rat\u00e1n es una excelente opci\u00f3n para muebles modernos y hermosos que durar\u00e1n toda la vida, ya que crece entre \u00e1rboles en Asia, Australia y \u00c1frica, siendo una alternativa moderna y asequible a la madera. Recomendamos encarecidamente estos productos que est\u00e1n dise\u00f1ados para durar en tu espacio.<\/p>\n<p><strong>\u00bfPor qu\u00e9 elegir una mesa de caf\u00e9 de rat\u00e1n?<\/strong><\/p>\n<p>Usamos rat\u00e1n de fuentes sostenibles y ecol\u00f3gicas que no da\u00f1an el medio ambiente. Cada <strong>mesa de caf\u00e9 ovalada de rat\u00e1n<\/strong> es hecha a mano y \u00fanica. Nuestros muebles est\u00e1n dise\u00f1ados para durar toda la vida. Puedes tener el estilo definitivo en tu hogar mientras haces tu parte para cuidar del medio ambiente. El rat\u00e1n tambi\u00e9n es un material duradero y f\u00e1cil de cuidar.<\/p>\n<p><b>ESPECIFICACIONES T\u00c9CNICAS<\/b><\/p>\n<p><b>Dimensiones:<\/b><\/p>\n<p>Altura: 48 cm<\/p>\n<p>Longitud: 98 cm<\/p>\n<p>Anchura: 56 cm<\/p>\n<p>Peso: aproximadamente 10.5 kg<\/p>\n<p><b>Hecho a mano<\/b><\/p>\n<p><b>Material:<\/b> Rat\u00e1n Natural,<\/p>\n<p><b>Ejecutado:<\/b> Hecho a mano de fibra de rat\u00e1n y rat\u00e1n natural<\/p>\n<p><b>Color:<\/b> Cognac<\/p>\n<p><b>Prop\u00f3sito:<\/b> Sala de estar, sal\u00f3n, terraza cubierta, patio o jard\u00edn.<\/p>\n","protected":false},"excerpt":{"rendered":"<p>Los muebles de rat\u00e1n, como la mesa de caf\u00e9 ovalada Tegal, aportan calidez y confort natural a tu hogar. Esta pieza no solo es funcional, sino tambi\u00e9n hermosa y sostenible. Los muebles de rat\u00e1n ayudan a proteger el medio ambiente mientras proporcionan un estilo moderno a tu hogar. Usa la mesa de caf\u00e9 ovalada para [&hellip;]<\/p>\n","protected":false},"featured_media":44783,"template":"","meta":[],"product_brand":[741],"product_cat":[423,434,447],"product_tag":[568,448,425],"class_list":{"0":"post-48495","1":"product","2":"type-product","3":"status-publish","4":"has-post-thumbnail","6":"product_brand-monnari-es","7":"product_cat-exterior","8":"product_cat-mesa","9":"product_cat-mesa-de-centro","10":"product_tag-hecho-a-mano","11":"product_tag-mesa-de-cafe","12":"product_tag-ratan-natural","15":"first","16":"instock","17":"shipping-taxable","18":"purchasable","19":"product-type-simple"},"_links":{"self":[{"href":"https:\/\/dominikahome.com\/es\/wp-json\/wp\/v2\/product\/48495","targetHints":{"allow":["GET"]}}],"collection":[{"href":"https:\/\/dominikahome.com\/es\/wp-json\/wp\/v2\/product"}],"about":[{"href":"https:\/\/dominikahome.com\/es\/wp-json\/wp\/v2\/types\/product"}],"wp:featuredmedia":[{"embeddable":true,"href":"https:\/\/dominikahome.com\/es\/wp-json\/wp\/v2\/media\/44783"}],"wp:attachment":[{"href":"https:\/\/dominikahome.com\/es\/wp-json\/wp\/v2\/media?parent=48495"}],"wp:term":[{"taxonomy":"product_brand","embeddable":true,"href":"https:\/\/dominikahome.com\/es\/wp-json\/wp\/v2\/product_brand?post=48495"},{"taxonomy":"product_cat","embeddable":true,"href":"https:\/\/dominikahome.com\/es\/wp-json\/wp\/v2\/product_cat?post=48495"},{"taxonomy":"product_tag","embeddable":true,"href":"https:\/\/dominikahome.com\/es\/wp-json\/wp\/v2\/product_tag?post=48495"}],"curies":[{"name":"wp","href":"https:\/\/api.w.org\/{rel}","templated":true}]}}