{"id":48497,"date":"2023-11-03T12:41:49","date_gmt":"2023-11-03T12:41:49","guid":{"rendered":"https:\/\/dominikahome.com\/product\/mesa-redonda-de-tegal\/"},"modified":"2023-11-03T12:41:49","modified_gmt":"2023-11-03T12:41:49","slug":"mesa-redonda-de-tegal","status":"publish","type":"product","link":"https:\/\/dominikahome.com\/es\/producto\/mesa-redonda-de-tegal\/","title":{"rendered":"MESA REDONDA DE TEGAL"},"content":{"rendered":"<div>\n<div>\n<div>\n<p>Si est\u00e1s buscando una pieza de mobiliario \u00fanica para tu hogar, la <strong>mesa redonda de rat\u00e1n Tegal<\/strong> es una excelente opci\u00f3n. Hecha de rat\u00e1n de alta calidad, un material natural que es ecol\u00f3gico, resistente y duradero, esta mesa est\u00e1 elaborada con un tejido experto en un patr\u00f3n elegante y hermoso que a\u00f1ade textura y profundidad a su superficie.<\/p>\n<h2><strong>Caracter\u00edsticas clave<\/strong><\/h2>\n<p>Algunas caracter\u00edsticas \u00fanicas de la <strong>mesa redonda de rat\u00e1n<\/strong> incluyen:<\/p>\n<ul>\n<li>Hecha de material de rat\u00e1n de alta calidad para mayor resistencia y durabilidad<\/li>\n<li>Un intrincado patr\u00f3n de tejido que a\u00f1ade textura y profundidad a la superficie de la mesa<\/li>\n<li>La forma redonda facilita el uso de la mesa en cualquier lugar<\/li>\n<li>Cuenta con una base estable que previene el tambaleo y ca\u00eddas<\/li>\n<li>Acabado natural que combina con varios interiores<\/li>\n<li>Superficie lisa y plana que proporciona mucho espacio para bebidas, bocadillos y decoraciones<\/li>\n<li>Tama\u00f1o compacto ideal para espacios reducidos como apartamentos y condominios<\/li>\n<li>F\u00e1cil de limpiar y mantener.<\/li>\n<\/ul>\n<p>La forma redonda facilita su colocaci\u00f3n en el centro de la sala de estar o como mesa auxiliar en el dormitorio, combinando con cualquier habitaci\u00f3n. El tama\u00f1o compacto de la mesa tambi\u00e9n es ideal para espacios m\u00e1s peque\u00f1os como apartamentos y condominios.<\/p>\n<p>La <strong>mesa redonda de rat\u00e1n Tegal<\/strong> cuenta con una base fuerte y estable que asegura que no tambalee ni se vuelque. Esta mesa tiene un acabado natural que le da un atractivo r\u00fastico atemporal que complementar\u00e1 varios estilos de decoraci\u00f3n.<\/p>\n<p>Su superficie superior es lisa y plana, proporcionando un amplio espacio para colocar bebidas, bocadillos o elementos decorativos. Tambi\u00e9n puedes usarla como un espacio para jugar juegos de mesa o completar rompecabezas con familiares y amigos.<\/p>\n<h2><strong>Combina y mezcla tus interiores<\/strong><\/h2>\n<p>Ya sea que busques una mesa de caf\u00e9 elegante y asequible para tu sala de estar o una mesa auxiliar pr\u00e1ctica para tu dormitorio, la <strong>mesa redonda de rat\u00e1n<\/strong> es una excelente elecci\u00f3n. Este dise\u00f1o \u00fanico la convertir\u00e1 en una pieza de mobiliario atesorada en tu hogar durante a\u00f1os.<\/p>\n<p>            <b>ESPECIFICACIONES T\u00c9CNICAS<\/b><\/p>\n<p>            <b>Dimensiones:<\/b>\n        <\/div>\n<\/p><\/div>\n<\/div>\n<div>\n<p>Altura: 49 cm<br \/>\n       Anchura en la parte superior: 44 cm<br \/>\n       Anchura en el medio: 60 cm<\/p>\n<\/div>\n<div>\n<div>\n        <b>Hecho a mano<\/b><\/p>\n<p>        <b>Material:<\/b> Rat\u00e1n Natural<\/p>\n<p>        <b>Ejecutado:<\/b> Hecho a mano de fibra de rat\u00e1n y rat\u00e1n natural<\/p>\n<p>        <b>Color:<\/b> Cognac<\/p>\n<p>        <b>Prop\u00f3sito:<\/b> Sala de estar, sal\u00f3n, terraza cubierta, patio o jard\u00edn.\n    <\/div>\n<\/div>\n","protected":false},"excerpt":{"rendered":"<p>Si est\u00e1s buscando una pieza de mobiliario \u00fanica para tu hogar, la mesa redonda de rat\u00e1n Tegal es una excelente opci\u00f3n. Hecha de rat\u00e1n de alta calidad, un material natural que es ecol\u00f3gico, resistente y duradero, esta mesa est\u00e1 elaborada con un tejido experto en un patr\u00f3n elegante y hermoso que a\u00f1ade textura y profundidad [&hellip;]<\/p>\n","protected":false},"featured_media":44767,"template":"","meta":[],"product_brand":[],"product_cat":[434,447],"product_tag":[568,448,425],"class_list":{"0":"post-48497","1":"product","2":"type-product","3":"status-publish","4":"has-post-thumbnail","6":"product_cat-mesa","7":"product_cat-mesa-de-centro","8":"product_tag-hecho-a-mano","9":"product_tag-mesa-de-cafe","10":"product_tag-ratan-natural","13":"first","14":"instock","15":"shipping-taxable","16":"purchasable","17":"product-type-simple"},"_links":{"self":[{"href":"https:\/\/dominikahome.com\/es\/wp-json\/wp\/v2\/product\/48497","targetHints":{"allow":["GET"]}}],"collection":[{"href":"https:\/\/dominikahome.com\/es\/wp-json\/wp\/v2\/product"}],"about":[{"href":"https:\/\/dominikahome.com\/es\/wp-json\/wp\/v2\/types\/product"}],"wp:featuredmedia":[{"embeddable":true,"href":"https:\/\/dominikahome.com\/es\/wp-json\/wp\/v2\/media\/44767"}],"wp:attachment":[{"href":"https:\/\/dominikahome.com\/es\/wp-json\/wp\/v2\/media?parent=48497"}],"wp:term":[{"taxonomy":"product_brand","embeddable":true,"href":"https:\/\/dominikahome.com\/es\/wp-json\/wp\/v2\/product_brand?post=48497"},{"taxonomy":"product_cat","embeddable":true,"href":"https:\/\/dominikahome.com\/es\/wp-json\/wp\/v2\/product_cat?post=48497"},{"taxonomy":"product_tag","embeddable":true,"href":"https:\/\/dominikahome.com\/es\/wp-json\/wp\/v2\/product_tag?post=48497"}],"curies":[{"name":"wp","href":"https:\/\/api.w.org\/{rel}","templated":true}]}}