{"id":48502,"date":"2023-11-03T12:17:09","date_gmt":"2023-11-03T12:17:09","guid":{"rendered":"https:\/\/dominikahome.com\/product\/sofa-ingka-helena\/"},"modified":"2023-11-03T12:17:09","modified_gmt":"2023-11-03T12:17:09","slug":"sofa-ingka-helena","status":"publish","type":"product","link":"https:\/\/dominikahome.com\/es\/producto\/sofa-ingka-helena\/","title":{"rendered":"SOF\u00c1 INGKA HELENA"},"content":{"rendered":"<div class=\"section section--tight section-blends section-full\">\n<div class=\"product\">\n<details class=\"product-info__accordion accordion group\" open=\"\" aria-expanded=\"true\">\n<div class=\"accordion__content\">\n<div class=\"prose\">\n<p>El sof\u00e1 INGKA proporciona el equilibrio adecuado entre funcionalidad y elegancia atemporal.<\/p>\n<p>                    <strong>Dimensiones:<\/strong><\/p>\n<p>Altura 90 cm x Longitud 190 cm<\/p>\n<div>\n<div><\/div>\n<p>                        <strong>Material:<\/strong> Rat\u00e1n Natural\n                    <\/div>\n<div><strong>Hecho a mano<\/strong><\/div>\n<div><\/div>\n<div><strong>Incluye:<\/strong> Cojines<\/div>\n<div><\/div>\n<div><strong>Color:<\/strong> Cognac<\/div>\n<div><\/div>\n<div><strong>Prop\u00f3sito:<\/strong> Sala de estar, dormitorio, terraza cubierta, patio o jard\u00edn, hoteles y SPA.<\/div>\n<\/p><\/div>\n<\/p><\/div>\n<\/details><\/div>\n<\/div>\n<div class=\"product-quick-add__variant hidden sm:grid\"><\/div>\n","protected":false},"excerpt":{"rendered":"<p>El sof\u00e1 INGKA proporciona el equilibrio adecuado entre funcionalidad y elegancia atemporal. Dimensiones: Altura 90 cm x Longitud 190 cm Material: Rat\u00e1n Natural Hecho a mano Incluye: Cojines Color: Cognac Prop\u00f3sito: Sala de estar, dormitorio, terraza cubierta, patio o jard\u00edn, hoteles y SPA.<\/p>\n","protected":false},"featured_media":44688,"template":"","meta":[],"product_brand":[741],"product_cat":[423,674],"product_tag":[568,425,592],"class_list":{"0":"post-48502","1":"product","2":"type-product","3":"status-publish","4":"has-post-thumbnail","6":"product_brand-monnari-es","7":"product_cat-exterior","8":"product_cat-sofas-es","9":"product_tag-hecho-a-mano","10":"product_tag-ratan-natural","11":"product_tag-sofa-es","12":"product_shipping_class-pesado","15":"first","16":"instock","17":"shipping-taxable","18":"purchasable","19":"product-type-simple"},"_links":{"self":[{"href":"https:\/\/dominikahome.com\/es\/wp-json\/wp\/v2\/product\/48502","targetHints":{"allow":["GET"]}}],"collection":[{"href":"https:\/\/dominikahome.com\/es\/wp-json\/wp\/v2\/product"}],"about":[{"href":"https:\/\/dominikahome.com\/es\/wp-json\/wp\/v2\/types\/product"}],"wp:featuredmedia":[{"embeddable":true,"href":"https:\/\/dominikahome.com\/es\/wp-json\/wp\/v2\/media\/44688"}],"wp:attachment":[{"href":"https:\/\/dominikahome.com\/es\/wp-json\/wp\/v2\/media?parent=48502"}],"wp:term":[{"taxonomy":"product_brand","embeddable":true,"href":"https:\/\/dominikahome.com\/es\/wp-json\/wp\/v2\/product_brand?post=48502"},{"taxonomy":"product_cat","embeddable":true,"href":"https:\/\/dominikahome.com\/es\/wp-json\/wp\/v2\/product_cat?post=48502"},{"taxonomy":"product_tag","embeddable":true,"href":"https:\/\/dominikahome.com\/es\/wp-json\/wp\/v2\/product_tag?post=48502"}],"curies":[{"name":"wp","href":"https:\/\/api.w.org\/{rel}","templated":true}]}}