{"id":48511,"date":"2023-11-03T12:13:33","date_gmt":"2023-11-03T12:13:33","guid":{"rendered":"https:\/\/dominikahome.com\/product\/silla-oriana\/"},"modified":"2023-11-03T12:13:33","modified_gmt":"2023-11-03T12:13:33","slug":"silla-oriana","status":"publish","type":"product","link":"https:\/\/dominikahome.com\/es\/producto\/silla-oriana\/","title":{"rendered":"SILLA ORIANA"},"content":{"rendered":"<p>La moderna y de dise\u00f1o silla Oriana es una propuesta sumamente interesante para la decoraci\u00f3n del interior de un hogar.<\/p>\n<p>La silla tiene una forma \u00fanica y aerodin\u00e1mica, que la distingue de otras propuestas de sillones de rat\u00e1n.<\/p>\n<p>Tambi\u00e9n se utilizar\u00e1 en diversas decoraciones de moda en interiores de hogares y espacios p\u00fablicos, por ejemplo, en cafeter\u00edas o bares.<\/p>\n<p>Cada sill\u00f3n es \u00fanico y exclusivo.<\/p>\n<p>Perfecto para la sala de estar o la terraza.<\/p>\n<p><strong>Dimensiones:<\/strong><\/p>\n<ul>\n<li>Altura: 95 cm<\/li>\n<li>Anchura: 50 cm<\/li>\n<li>Longitud: 62 cm<\/li>\n<li>Peso: aproximadamente 7 kg<\/li>\n<\/ul>\n","protected":false},"excerpt":{"rendered":"<p>La moderna y de dise\u00f1o silla Oriana es una propuesta sumamente interesante para la decoraci\u00f3n del interior de un hogar. La silla tiene una forma \u00fanica y aerodin\u00e1mica, que la distingue de otras propuestas de sillones de rat\u00e1n. Tambi\u00e9n se utilizar\u00e1 en diversas decoraciones de moda en interiores de hogares y espacios p\u00fablicos, por ejemplo, [&hellip;]<\/p>\n","protected":false},"featured_media":44586,"template":"","meta":[],"product_brand":[274],"product_cat":[440,657],"product_tag":[],"class_list":{"0":"post-48511","1":"product","2":"type-product","3":"status-publish","4":"has-post-thumbnail","6":"product_brand-monnari","7":"product_cat-silla-y-sillon","8":"product_cat-sillas-de-comedor","9":"product_shipping_class-silla","12":"first","13":"instock","14":"shipping-taxable","15":"purchasable","16":"product-type-simple"},"_links":{"self":[{"href":"https:\/\/dominikahome.com\/es\/wp-json\/wp\/v2\/product\/48511","targetHints":{"allow":["GET"]}}],"collection":[{"href":"https:\/\/dominikahome.com\/es\/wp-json\/wp\/v2\/product"}],"about":[{"href":"https:\/\/dominikahome.com\/es\/wp-json\/wp\/v2\/types\/product"}],"wp:featuredmedia":[{"embeddable":true,"href":"https:\/\/dominikahome.com\/es\/wp-json\/wp\/v2\/media\/44586"}],"wp:attachment":[{"href":"https:\/\/dominikahome.com\/es\/wp-json\/wp\/v2\/media?parent=48511"}],"wp:term":[{"taxonomy":"product_brand","embeddable":true,"href":"https:\/\/dominikahome.com\/es\/wp-json\/wp\/v2\/product_brand?post=48511"},{"taxonomy":"product_cat","embeddable":true,"href":"https:\/\/dominikahome.com\/es\/wp-json\/wp\/v2\/product_cat?post=48511"},{"taxonomy":"product_tag","embeddable":true,"href":"https:\/\/dominikahome.com\/es\/wp-json\/wp\/v2\/product_tag?post=48511"}],"curies":[{"name":"wp","href":"https:\/\/api.w.org\/{rel}","templated":true}]}}