{"id":48512,"date":"2023-11-03T12:13:16","date_gmt":"2023-11-03T12:13:16","guid":{"rendered":"https:\/\/dominikahome.com\/product\/silla-ingka\/"},"modified":"2023-11-03T12:13:16","modified_gmt":"2023-11-03T12:13:16","slug":"silla-ingka","status":"publish","type":"product","link":"https:\/\/dominikahome.com\/es\/producto\/silla-ingka\/","title":{"rendered":"SILLA INGKA"},"content":{"rendered":"<div>\n<div>\n<p>        <strong>Dimensiones:<\/strong><\/p>\n<p>Altura total 95 cm,<\/p>\n<p>Ancho total 60 cm<\/p>\n<p>        <strong>Dimensiones del asiento:<\/strong><\/p>\n<p>Profundidad 46 cm,<\/p>\n<p>Ancho 45 cm,<\/p>\n<p>Altura del respaldo 54 cm.<\/p>\n<p>Peso: 10.5 kg<\/p>\n<\/p><\/div>\n<div><\/div>\n<p>    <strong>Material:<\/strong> Rat\u00e1n Natural<\/p>\n<\/div>\n<div><strong>Hecho a mano<\/strong><\/div>\n<div><\/div>\n<div><strong>Incluye:<\/strong> Coj\u00edn<strong> <\/strong><\/div>\n<div><\/div>\n<div><strong>Color:<\/strong> Cognac<\/div>\n<div><\/div>\n<div><\/div>\n<div><strong>Prop\u00f3sito:<\/strong> Sala de estar, dormitorio, terraza cubierta, patio o jard\u00edn, hoteles y SPA.<\/div>\n","protected":false},"excerpt":{"rendered":"<p>Dimensiones: Altura total 95 cm, Ancho total 60 cm Dimensiones del asiento: Profundidad 46 cm, Ancho 45 cm, Altura del respaldo 54 cm. Peso: 10.5 kg Material: Rat\u00e1n Natural Hecho a mano Incluye: Coj\u00edn Color: Cognac Prop\u00f3sito: Sala de estar, dormitorio, terraza cubierta, patio o jard\u00edn, hoteles y SPA.<\/p>\n","protected":false},"featured_media":44568,"template":"","meta":[],"product_brand":[274],"product_cat":[423,440],"product_tag":[587,568,425,618],"class_list":{"0":"post-48512","1":"product","2":"type-product","3":"status-publish","4":"has-post-thumbnail","6":"product_brand-monnari","7":"product_cat-exterior","8":"product_cat-silla-y-sillon","9":"product_tag-en-el-exterior","10":"product_tag-hecho-a-mano","11":"product_tag-ratan-natural","12":"product_tag-silla","13":"product_shipping_class-silla","16":"first","17":"instock","18":"shipping-taxable","19":"purchasable","20":"product-type-simple"},"_links":{"self":[{"href":"https:\/\/dominikahome.com\/es\/wp-json\/wp\/v2\/product\/48512","targetHints":{"allow":["GET"]}}],"collection":[{"href":"https:\/\/dominikahome.com\/es\/wp-json\/wp\/v2\/product"}],"about":[{"href":"https:\/\/dominikahome.com\/es\/wp-json\/wp\/v2\/types\/product"}],"wp:featuredmedia":[{"embeddable":true,"href":"https:\/\/dominikahome.com\/es\/wp-json\/wp\/v2\/media\/44568"}],"wp:attachment":[{"href":"https:\/\/dominikahome.com\/es\/wp-json\/wp\/v2\/media?parent=48512"}],"wp:term":[{"taxonomy":"product_brand","embeddable":true,"href":"https:\/\/dominikahome.com\/es\/wp-json\/wp\/v2\/product_brand?post=48512"},{"taxonomy":"product_cat","embeddable":true,"href":"https:\/\/dominikahome.com\/es\/wp-json\/wp\/v2\/product_cat?post=48512"},{"taxonomy":"product_tag","embeddable":true,"href":"https:\/\/dominikahome.com\/es\/wp-json\/wp\/v2\/product_tag?post=48512"}],"curies":[{"name":"wp","href":"https:\/\/api.w.org\/{rel}","templated":true}]}}