{"id":48513,"date":"2023-11-03T12:11:09","date_gmt":"2023-11-03T12:11:09","guid":{"rendered":"https:\/\/dominikahome.com\/product\/silla-de-playa-anna\/"},"modified":"2023-11-03T12:11:09","modified_gmt":"2023-11-03T12:11:09","slug":"silla-de-playa-anna","status":"publish","type":"product","link":"https:\/\/dominikahome.com\/es\/producto\/silla-de-playa-anna\/","title":{"rendered":"SILLA DE PLAYA ANNA"},"content":{"rendered":"<p><strong>Silla de Playa Ligera y Minimalista: Un Equilibrio Perfecto entre Estilo y Funci\u00f3n<\/strong><\/p>\n<p>Si est\u00e1s buscando una silla de playa que combine estilo con funcionalidad, entonces una silla de playa ligera y minimalista es la elecci\u00f3n perfecta para ti. Esta silla est\u00e1 dise\u00f1ada para ser compacta, ligera y f\u00e1cil de transportar, lo que la convierte en una opci\u00f3n ideal para los amantes de la playa y los entusiastas del aire libre.<\/p>\n<p>La silla est\u00e1 elaborada con un dise\u00f1o elegante y moderno, con l\u00edneas limpias y una paleta de colores neutros que complementar\u00e1 cualquier entorno al aire libre. A pesar de su apariencia minimalista, la silla est\u00e1 construida pensando en la comodidad, con un marco robusto y un respaldo c\u00f3modo que te ofrecer\u00e1 el lugar perfecto para relajarte y disfrutar del sol.<\/p>\n<p>Una de las caracter\u00edsticas m\u00e1s destacadas de esta silla de playa es su construcci\u00f3n ligera. Hecha de materiales duraderos, la silla es tanto fuerte como ligera, lo que facilita su transporte de un lugar a otro. Ya sea que viajes a la playa, acampes o simplemente te relajes en tu propio patio trasero, esta silla ser\u00e1 la compa\u00f1era perfecta.<\/p>\n<p><b>ESPECIFICACIONES T\u00c9CNICAS<\/b><\/p>\n<p><b>Dimensiones:<\/b><\/p>\n<pre id=\"tw-target-text\" class=\"tw-data-text tw-text-large tw-ta\" dir=\"ltr\" data-placeholder=\"Translation\" aria-label=\"Translated text\" data-ved=\"2ahUKEwihqeqNs7qHAxWXQvEDHZISBewQ3ewLegQIBRAU\"><span class=\"Y2IQFc\" lang=\"en\">longitud: 80 cm - ancho: 46 cm - altura: 63 cm\/67 cm<\/span><\/pre>\n<p><b>Material:<\/b> <span style=\"font-weight: 400;\">Rat\u00e1n<\/span><\/p>\n<p><b>Hecho a mano<\/b><\/p>\n<p><span style=\"font-weight: 400;\">Respaldo y asiento c\u00f3modos<\/span><\/p>\n<p><b>Color:<\/b> <span style=\"font-weight: 400;\">Miel<\/span><\/p>\n<p><b>Prop\u00f3sito:<\/b> <span style=\"font-weight: 400;\">Sala de estar, oficina, gazebo, terraza cubierta, patio o jard\u00edn.<\/span><\/p>\n","protected":false},"excerpt":{"rendered":"<p>Silla de Playa Ligera y Minimalista: Un Equilibrio Perfecto entre Estilo y Funci\u00f3n Si est\u00e1s buscando una silla de playa que combine estilo con funcionalidad, entonces una silla de playa ligera y minimalista es la elecci\u00f3n perfecta para ti. Esta silla est\u00e1 dise\u00f1ada para ser compacta, ligera y f\u00e1cil de transportar, lo que la convierte [&hellip;]<\/p>\n","protected":false},"featured_media":44559,"template":"","meta":[],"product_brand":[274],"product_cat":[423,440],"product_tag":[649,568,425,618],"class_list":{"0":"post-48513","1":"product","2":"type-product","3":"status-publish","4":"has-post-thumbnail","6":"product_brand-monnari","7":"product_cat-exterior","8":"product_cat-silla-y-sillon","9":"product_tag-cama-solar","10":"product_tag-hecho-a-mano","11":"product_tag-ratan-natural","12":"product_tag-silla","13":"product_shipping_class-silla","16":"first","17":"instock","18":"shipping-taxable","19":"purchasable","20":"product-type-simple"},"_links":{"self":[{"href":"https:\/\/dominikahome.com\/es\/wp-json\/wp\/v2\/product\/48513","targetHints":{"allow":["GET"]}}],"collection":[{"href":"https:\/\/dominikahome.com\/es\/wp-json\/wp\/v2\/product"}],"about":[{"href":"https:\/\/dominikahome.com\/es\/wp-json\/wp\/v2\/types\/product"}],"wp:featuredmedia":[{"embeddable":true,"href":"https:\/\/dominikahome.com\/es\/wp-json\/wp\/v2\/media\/44559"}],"wp:attachment":[{"href":"https:\/\/dominikahome.com\/es\/wp-json\/wp\/v2\/media?parent=48513"}],"wp:term":[{"taxonomy":"product_brand","embeddable":true,"href":"https:\/\/dominikahome.com\/es\/wp-json\/wp\/v2\/product_brand?post=48513"},{"taxonomy":"product_cat","embeddable":true,"href":"https:\/\/dominikahome.com\/es\/wp-json\/wp\/v2\/product_cat?post=48513"},{"taxonomy":"product_tag","embeddable":true,"href":"https:\/\/dominikahome.com\/es\/wp-json\/wp\/v2\/product_tag?post=48513"}],"curies":[{"name":"wp","href":"https:\/\/api.w.org\/{rel}","templated":true}]}}