{"id":48518,"date":"2023-11-03T11:26:53","date_gmt":"2023-11-03T11:26:53","guid":{"rendered":"https:\/\/dominikahome.com\/product\/banco-nina\/"},"modified":"2023-11-03T11:26:53","modified_gmt":"2023-11-03T11:26:53","slug":"banco-nina","status":"publish","type":"product","link":"https:\/\/dominikahome.com\/es\/producto\/banco-nina\/","title":{"rendered":"BANCO NINA"},"content":{"rendered":"<p><strong>El banco NINA trenzado<\/strong> est\u00e1 hecho de jacinto de agua.<\/p>\n<p>Un banco al alcance de tu mano en el hall, sala de estar o dormitorio resuelve muchas necesidades \u00fatiles y decorativas.<\/p>\n<p>El banco NINA es hecho a mano por artesanos indonesios a partir de jacinto de agua.<\/p>\n<p>El banco se puede integrar en varias habitaciones, d\u00e1ndoles una decoraci\u00f3n natural.<\/p>\n<p><strong>Dimensiones:<\/strong><\/p>\n<ul>\n<li>Asiento: 90&#215;34 cm<\/li>\n<li>Longitud: patas 37 cm<\/li>\n<li>Altura total: 55 cm<\/li>\n<li>Peso: 9 kg<\/li>\n<\/ul>\n<p>&nbsp;<\/p>\n<p dir=\"auto\"><strong>\u00bfPor qu\u00e9 deber\u00edas comprar jacinto de agua?<\/strong><\/p>\n<p dir=\"auto\">El jacinto de agua puede cubrir completamente lagos y humedales, compitiendo desventajosamente con especies acu\u00e1ticas nativas, reduciendo los niveles de ox\u00edgeno para los peces y creando un h\u00e1bitat ideal para mosquitos portadores de enfermedades.<\/p>\n","protected":false},"excerpt":{"rendered":"<p>El banco NINA trenzado est\u00e1 hecho de jacinto de agua. Un banco al alcance de tu mano en el hall, sala de estar o dormitorio resuelve muchas necesidades \u00fatiles y decorativas. El banco NINA es hecho a mano por artesanos indonesios a partir de jacinto de agua. El banco se puede integrar en varias habitaciones, [&hellip;]<\/p>\n","protected":false},"featured_media":44542,"template":"","meta":[],"product_brand":[274],"product_cat":[423,417],"product_tag":[],"class_list":{"0":"post-48518","1":"product","2":"type-product","3":"status-publish","4":"has-post-thumbnail","6":"product_brand-monnari","7":"product_cat-exterior","8":"product_cat-banco","9":"product_shipping_class-silla","12":"first","13":"instock","14":"shipping-taxable","15":"purchasable","16":"product-type-simple"},"_links":{"self":[{"href":"https:\/\/dominikahome.com\/es\/wp-json\/wp\/v2\/product\/48518","targetHints":{"allow":["GET"]}}],"collection":[{"href":"https:\/\/dominikahome.com\/es\/wp-json\/wp\/v2\/product"}],"about":[{"href":"https:\/\/dominikahome.com\/es\/wp-json\/wp\/v2\/types\/product"}],"wp:featuredmedia":[{"embeddable":true,"href":"https:\/\/dominikahome.com\/es\/wp-json\/wp\/v2\/media\/44542"}],"wp:attachment":[{"href":"https:\/\/dominikahome.com\/es\/wp-json\/wp\/v2\/media?parent=48518"}],"wp:term":[{"taxonomy":"product_brand","embeddable":true,"href":"https:\/\/dominikahome.com\/es\/wp-json\/wp\/v2\/product_brand?post=48518"},{"taxonomy":"product_cat","embeddable":true,"href":"https:\/\/dominikahome.com\/es\/wp-json\/wp\/v2\/product_cat?post=48518"},{"taxonomy":"product_tag","embeddable":true,"href":"https:\/\/dominikahome.com\/es\/wp-json\/wp\/v2\/product_tag?post=48518"}],"curies":[{"name":"wp","href":"https:\/\/api.w.org\/{rel}","templated":true}]}}