{"id":48519,"date":"2023-11-03T11:26:33","date_gmt":"2023-11-03T11:26:33","guid":{"rendered":"https:\/\/dominikahome.com\/product\/azul-bench-elina\/"},"modified":"2023-11-03T11:26:33","modified_gmt":"2023-11-03T11:26:33","slug":"azul-bench-elina","status":"publish","type":"product","link":"https:\/\/dominikahome.com\/es\/producto\/azul-bench-elina\/","title":{"rendered":"AZUL BENCH Elina"},"content":{"rendered":"<p><span style=\"font-weight: 400;\">Un banco puede mejorar la est\u00e9tica de la decoraci\u00f3n interior mientras tambi\u00e9n a\u00f1ade valor a la funcionalidad de la habitaci\u00f3n. El banco Azul tiene el estilo de una isla tropical. Tiene una forma \u00fanica incorporada, pero puede soportar bien el uso. Funciona en la mayor\u00eda de los hogares, ya sean industriales, tropicales o modernos escandinavos.<\/span><\/p>\n<p><span style=\"font-weight: 400;\">Para completar la comodidad de la sala de estar, combina este banco con una alfombra y un cabecero o espejo de pie con estilo. El Banco de Rat\u00e1n Azul atraer\u00e1 a quienes les gusta el dise\u00f1o interesante.<\/span><\/p>\n<p>&nbsp;<\/p>\n<p><b>ESPECIFICACIONES T\u00c9CNICAS:<\/b><\/p>\n<p><b>Dimensiones:<\/b><\/p>\n<p>Altura: 50 cm, Longitud: 120 cm, Anchura: 45 cm<\/p>\n<p><b>Material:<\/b> <span style=\"font-weight: 400;\">Jacinto de agua y madera de teca<\/span><\/p>\n<p><b>Hecho a mano<\/b><\/p>\n<p><b>Color:<\/b> Marr\u00f3n<\/p>\n<p><b>El banco es muy ligero<\/b><\/p>\n<p><b>Prop\u00f3sito:<\/b> <span style=\"font-weight: 400;\">Sala de estar, dormitorio, terraza cubierta, patio o jard\u00edn.<\/span><\/p>\n<p>&nbsp;<\/p>\n<p dir=\"auto\"><strong>\u00bfPor qu\u00e9 deber\u00edas comprar jacinto de agua?<\/strong><\/p>\n<p dir=\"auto\">\u200c<br \/>\nEl jacinto de agua puede cubrir completamente lagos y humedales, compitiendo desventajosamente con especies acu\u00e1ticas nativas, reduciendo los niveles de ox\u00edgeno para los peces y creando un h\u00e1bitat ideal para mosquitos portadores de enfermedades.<\/p>\n<p dir=\"auto\">\u200c<br \/>\n<strong>Lo que hacemos es:<\/strong><\/p>\n<ul>\n<li>Eliminarlo de lagos y r\u00edos y crear productos hermosos.<\/li>\n<li>La reducci\u00f3n de jacinto de agua tiene un impacto positivo en la biodiversidad.<\/li>\n<li>El jacinto de agua crece de forma silvestre, sin cuidados intensivos ni pesticidas.<\/li>\n<li>La recolecci\u00f3n y procesamiento de jacinto de agua crea empleos.<\/li>\n<\/ul>\n","protected":false},"excerpt":{"rendered":"<p>Un banco puede mejorar la est\u00e9tica de la decoraci\u00f3n interior mientras tambi\u00e9n a\u00f1ade valor a la funcionalidad de la habitaci\u00f3n. El banco Azul tiene el estilo de una isla tropical. Tiene una forma \u00fanica incorporada, pero puede soportar bien el uso. Funciona en la mayor\u00eda de los hogares, ya sean industriales, tropicales o modernos escandinavos. [&hellip;]<\/p>\n","protected":false},"featured_media":44533,"template":"","meta":[],"product_brand":[],"product_cat":[423,440,417],"product_tag":[],"class_list":{"0":"post-48519","1":"product","2":"type-product","3":"status-publish","4":"has-post-thumbnail","6":"product_cat-exterior","7":"product_cat-silla-y-sillon","8":"product_cat-banco","9":"product_shipping_class-silla","12":"first","13":"instock","14":"shipping-taxable","15":"purchasable","16":"product-type-simple"},"_links":{"self":[{"href":"https:\/\/dominikahome.com\/es\/wp-json\/wp\/v2\/product\/48519","targetHints":{"allow":["GET"]}}],"collection":[{"href":"https:\/\/dominikahome.com\/es\/wp-json\/wp\/v2\/product"}],"about":[{"href":"https:\/\/dominikahome.com\/es\/wp-json\/wp\/v2\/types\/product"}],"wp:featuredmedia":[{"embeddable":true,"href":"https:\/\/dominikahome.com\/es\/wp-json\/wp\/v2\/media\/44533"}],"wp:attachment":[{"href":"https:\/\/dominikahome.com\/es\/wp-json\/wp\/v2\/media?parent=48519"}],"wp:term":[{"taxonomy":"product_brand","embeddable":true,"href":"https:\/\/dominikahome.com\/es\/wp-json\/wp\/v2\/product_brand?post=48519"},{"taxonomy":"product_cat","embeddable":true,"href":"https:\/\/dominikahome.com\/es\/wp-json\/wp\/v2\/product_cat?post=48519"},{"taxonomy":"product_tag","embeddable":true,"href":"https:\/\/dominikahome.com\/es\/wp-json\/wp\/v2\/product_tag?post=48519"}],"curies":[{"name":"wp","href":"https:\/\/api.w.org\/{rel}","templated":true}]}}