{"id":48520,"date":"2023-11-03T11:24:01","date_gmt":"2023-11-03T11:24:01","guid":{"rendered":"https:\/\/dominikahome.com\/product\/silla-flower\/"},"modified":"2023-11-03T11:24:01","modified_gmt":"2023-11-03T11:24:01","slug":"silla-flower","status":"publish","type":"product","link":"https:\/\/dominikahome.com\/es\/producto\/silla-flower\/","title":{"rendered":"Silla FLOWER"},"content":{"rendered":"<p>Si est\u00e1s buscando una pieza de mobiliario de rat\u00e1n \u00fanica para complementar tu jard\u00edn bien cuidado o tu lujosa terraza, \u00bfpor qu\u00e9 no considerar nuestra asequible <strong>silla de rat\u00e1n Flores<\/strong>? Esta <strong>silla de rat\u00e1n 100%<\/strong> tiene un respaldo inclinado con forma de p\u00e9talos de flor en plena floraci\u00f3n y se adaptar\u00e1 perfectamente a cualquier \u00e1rea tem\u00e1tica al aire libre.<\/p>\n<p>Las patas de la <strong>silla de rat\u00e1n<\/strong> est\u00e1n hechas de metal negro extra fuerte para mayor estabilidad. Tambi\u00e9n ayudan a que la silla se integre con estilos de dise\u00f1o m\u00e1s poco convencionales, como las habitaciones de estilo industrial. Esta silla floral, hecha de rat\u00e1n natural, es una maravillosa adici\u00f3n a cualquier ambiente boho.<\/p>\n<p>Puedes usarla como una caracter\u00edstica destacada en tus esquemas de decoraci\u00f3n interior. Esta silla se ve genial en dormitorios y invernaderos. Tambi\u00e9n puedes tener un juego de ellas alrededor de una de nuestras mesas de dise\u00f1o de rat\u00e1n natural.<\/p>\n<h2><strong>Pr\u00e1ctica y Bonita &#8211; Adecuada para Cada Habitaci\u00f3n<\/strong><\/h2>\n<p>Esta <strong>silla de rat\u00e1n con forma de flor<\/strong> es tan pr\u00e1ctica como hermosa. Puedes usarla como silla para alimentar a tu beb\u00e9 en la guarder\u00eda o como silla de espera en el vest\u00edbulo de tu oficina. Si\u00e9ntate c\u00f3modamente mientras le lees un cuento a tu hijo o te entretienes con un buen libro.<\/p>\n<p>P\u00f3nla en tu dormitorio y ser\u00e1 el lugar perfecto para ponerte los zapatos o simplemente relajarte despu\u00e9s de un largo d\u00eda. Nuestros productos est\u00e1n elaborados de manera \u00fanica con materiales de rat\u00e1n natural ecol\u00f3gicos y sostenibles, por lo que pueden existir algunas variaciones.<\/p>\n<p>Cada art\u00edculo es meticulosamente hecho a mano por expertos indonesios y es completamente \u00fanico. Tambi\u00e9n son extremadamente resistentes y de bajo mantenimiento. Solo necesitas limpiarlos con un pa\u00f1o h\u00famedo para mantenerlos limpios.<\/p>\n<h2><strong>Dise\u00f1os que se Adaptan a Cada Esquema de Color<\/strong><\/h2>\n<p>Como el accesorio perfecto, \u00bfpor qu\u00e9 no agregar un coj\u00edn de estilo rat\u00e1n para mantener la est\u00e9tica boho o uno blanco simple para acentuar el aspecto sofisticado de tu habitaci\u00f3n? Cualquiera que sea tu elecci\u00f3n de dise\u00f1o, esta <strong>silla de rat\u00e1n<\/strong> no te decepcionar\u00e1.<\/p>\n<p>Puedes cambiar f\u00e1cilmente los colores de tu decoraci\u00f3n cuando usas muebles de rat\u00e1n natural, ya que se adaptan a cualquier esquema de color. Todo lo que tienes que hacer para crear un aspecto totalmente diferente es cambiar los cojines con los que los decoras.<\/p>\n<p>&nbsp;<\/p>\n<p><b>ESPECIFICACIONES T\u00c9CNICAS:<\/b><\/p>\n<p><b>Dimensiones:<\/b><\/p>\n<p>Longitud &#8211; 45 cm<\/p>\n<p>Ancho &#8211; 86 cm<\/p>\n<p>Altura &#8211; 95 cm<\/p>\n<p><b>Material:<\/b> <span style=\"font-weight: 400;\">Rat\u00e1n Natural, Metal<\/span><\/p>\n<p><b>Hecho a mano<\/b><\/p>\n<p><span style=\"font-weight: 400;\">Respaldo y asiento c\u00f3modos<\/span><\/p>\n<p><b>Color:<\/b> <span style=\"font-weight: 400;\">Natural y Marr\u00f3n<\/span><\/p>\n<p><b>Prop\u00f3sito:<\/b> <span style=\"font-weight: 400;\">Sala de estar, dormitorio, terraza cubierta, patio o jard\u00edn.<\/span><\/p>\n","protected":false},"excerpt":{"rendered":"<p>Si est\u00e1s buscando una pieza de mobiliario de rat\u00e1n \u00fanica para complementar tu jard\u00edn bien cuidado o tu lujosa terraza, \u00bfpor qu\u00e9 no considerar nuestra asequible silla de rat\u00e1n Flores? Esta silla de rat\u00e1n 100% tiene un respaldo inclinado con forma de p\u00e9talos de flor en plena floraci\u00f3n y se adaptar\u00e1 perfectamente a cualquier \u00e1rea [&hellip;]<\/p>\n","protected":false},"featured_media":44525,"template":"","meta":[],"product_brand":[274],"product_cat":[423,440],"product_tag":[568,425,618],"class_list":{"0":"post-48520","1":"product","2":"type-product","3":"status-publish","4":"has-post-thumbnail","6":"product_brand-monnari","7":"product_cat-exterior","8":"product_cat-silla-y-sillon","9":"product_tag-hecho-a-mano","10":"product_tag-ratan-natural","11":"product_tag-silla","12":"product_shipping_class-silla","15":"first","16":"instock","17":"shipping-taxable","18":"purchasable","19":"product-type-variable"},"_links":{"self":[{"href":"https:\/\/dominikahome.com\/es\/wp-json\/wp\/v2\/product\/48520","targetHints":{"allow":["GET"]}}],"collection":[{"href":"https:\/\/dominikahome.com\/es\/wp-json\/wp\/v2\/product"}],"about":[{"href":"https:\/\/dominikahome.com\/es\/wp-json\/wp\/v2\/types\/product"}],"wp:featuredmedia":[{"embeddable":true,"href":"https:\/\/dominikahome.com\/es\/wp-json\/wp\/v2\/media\/44525"}],"wp:attachment":[{"href":"https:\/\/dominikahome.com\/es\/wp-json\/wp\/v2\/media?parent=48520"}],"wp:term":[{"taxonomy":"product_brand","embeddable":true,"href":"https:\/\/dominikahome.com\/es\/wp-json\/wp\/v2\/product_brand?post=48520"},{"taxonomy":"product_cat","embeddable":true,"href":"https:\/\/dominikahome.com\/es\/wp-json\/wp\/v2\/product_cat?post=48520"},{"taxonomy":"product_tag","embeddable":true,"href":"https:\/\/dominikahome.com\/es\/wp-json\/wp\/v2\/product_tag?post=48520"}],"curies":[{"name":"wp","href":"https:\/\/api.w.org\/{rel}","templated":true}]}}