{"id":48523,"date":"2023-11-03T11:23:12","date_gmt":"2023-11-03T11:23:12","guid":{"rendered":"https:\/\/dominikahome.com\/product\/silla-fito\/"},"modified":"2023-11-03T11:23:12","modified_gmt":"2023-11-03T11:23:12","slug":"silla-fito","status":"publish","type":"product","link":"https:\/\/dominikahome.com\/es\/producto\/silla-fito\/","title":{"rendered":"SILLA FITO"},"content":{"rendered":"<p>Haz que la atm\u00f3sfera de la terraza sea m\u00e1s c\u00f3moda con la Silla de Rat\u00e1n Fito. Rel\u00e1jate en esta silla mientras charlas con familiares y amigos en el jard\u00edn. Esta silla viene con un hermoso dise\u00f1o cl\u00e1sico, hecha de rat\u00e1n de calidad que proporciona comodidad al sentarse. Est\u00e1 inspirada en playas de todo el mundo y est\u00e1 destinada a estar en el jard\u00edn o incluso en la sala de estar. La Silla de Rat\u00e1n Fito se adapta a una variedad de estilos y es la pieza de mobiliario perfecta para interiores industriales, modernos y cl\u00e1sicos. La Silla Fito est\u00e1 hecha de rat\u00e1n natural de alta calidad, lo que la convierte en un elemento original en la sala de estar o en el invernadero. La forma \u00fanica del asiento y las patas delgadas envueltas en rat\u00e1n le dar\u00e1n car\u00e1cter a cualquier interior. Nuestra oferta tambi\u00e9n incluye un sof\u00e1 doble de la misma l\u00ednea y una mesa de caf\u00e9.<\/p>\n<p>&nbsp;<\/p>\n<p><b>ESPECIFICACIONES T\u00c9CNICAS<\/b><\/p>\n<p><b>Dimensiones:<\/b><\/p>\n<p>Ancho: 70 cm<\/p>\n<p>Altura: 86 cm<\/p>\n<p>Profundidad: 57 cm<\/p>\n<p>Peso: 11 kg<\/p>\n<p><b>Material:<\/b> Rat\u00e1n Natural, Metal<\/p>\n<p><b>Hecho a mano<\/b><\/p>\n<p>Respaldo y asiento c\u00f3modos<\/p>\n<p><b>Color:<\/b> Miel<\/p>\n<p><b>Prop\u00f3sito:<\/b> Sala de estar, dormitorio, terraza cubierta, patio o jard\u00edn.<\/p>\n<p><strong>\u00bfPor qu\u00e9 deber\u00edas comprar productos de rat\u00e1n?<\/strong><\/p>\n<p>El rat\u00e1n contribuye a la preservaci\u00f3n de los bosques. El rat\u00e1n solo crece entre otros \u00e1rboles en varios bosques de \u00c1frica, Asia y Australia, lo que significa que ayuda a sostener los bosques en todo el mundo. Aunque la deforestaci\u00f3n ha disminuido significativamente en las \u00faltimas d\u00e9cadas, a\u00fan perdemos alrededor de 13 millones de hect\u00e1reas de bosque cada a\u00f1o. El rat\u00e1n tambi\u00e9n crece en llanuras aluviales que permanecen sin aprovechar, lo que ayuda a fomentar la poblaci\u00f3n animal y apoyar mucho m\u00e1s.<\/p>\n<p>-Dise\u00f1o elegante y moderno<br \/>\n-Fuerte y duradero<br \/>\n-Sosteniendo ingresos para la comunidad local en pa\u00edses en desarrollo<\/p>\n","protected":false},"excerpt":{"rendered":"<p>Haz que la atm\u00f3sfera de la terraza sea m\u00e1s c\u00f3moda con la Silla de Rat\u00e1n Fito. Rel\u00e1jate en esta silla mientras charlas con familiares y amigos en el jard\u00edn. Esta silla viene con un hermoso dise\u00f1o cl\u00e1sico, hecha de rat\u00e1n de calidad que proporciona comodidad al sentarse. Est\u00e1 inspirada en playas de todo el mundo [&hellip;]<\/p>\n","protected":false},"featured_media":44515,"template":"","meta":[],"product_brand":[274],"product_cat":[423,440,657],"product_tag":[568,425,618],"class_list":{"0":"post-48523","1":"product","2":"type-product","3":"status-publish","4":"has-post-thumbnail","6":"product_brand-monnari","7":"product_cat-exterior","8":"product_cat-silla-y-sillon","9":"product_cat-sillas-de-comedor","10":"product_tag-hecho-a-mano","11":"product_tag-ratan-natural","12":"product_tag-silla","13":"product_shipping_class-silla","16":"first","17":"instock","18":"shipping-taxable","19":"purchasable","20":"product-type-simple"},"_links":{"self":[{"href":"https:\/\/dominikahome.com\/es\/wp-json\/wp\/v2\/product\/48523","targetHints":{"allow":["GET"]}}],"collection":[{"href":"https:\/\/dominikahome.com\/es\/wp-json\/wp\/v2\/product"}],"about":[{"href":"https:\/\/dominikahome.com\/es\/wp-json\/wp\/v2\/types\/product"}],"wp:featuredmedia":[{"embeddable":true,"href":"https:\/\/dominikahome.com\/es\/wp-json\/wp\/v2\/media\/44515"}],"wp:attachment":[{"href":"https:\/\/dominikahome.com\/es\/wp-json\/wp\/v2\/media?parent=48523"}],"wp:term":[{"taxonomy":"product_brand","embeddable":true,"href":"https:\/\/dominikahome.com\/es\/wp-json\/wp\/v2\/product_brand?post=48523"},{"taxonomy":"product_cat","embeddable":true,"href":"https:\/\/dominikahome.com\/es\/wp-json\/wp\/v2\/product_cat?post=48523"},{"taxonomy":"product_tag","embeddable":true,"href":"https:\/\/dominikahome.com\/es\/wp-json\/wp\/v2\/product_tag?post=48523"}],"curies":[{"name":"wp","href":"https:\/\/api.w.org\/{rel}","templated":true}]}}