{"id":48524,"date":"2023-11-03T11:22:56","date_gmt":"2023-11-03T11:22:56","guid":{"rendered":"https:\/\/dominikahome.com\/product\/silla-joy\/"},"modified":"2023-11-03T11:22:56","modified_gmt":"2023-11-03T11:22:56","slug":"silla-joy","status":"publish","type":"product","link":"https:\/\/dominikahome.com\/es\/producto\/silla-joy\/","title":{"rendered":"SILLA JOY"},"content":{"rendered":"<p>Cualquiera de nosotros que desee aprender m\u00e1s sobre nuestra <strong>silla de rat\u00e1n Joy<\/strong> deber\u00eda mirar a continuaci\u00f3n para descubrir c\u00f3mo hace que las habitaciones de nuestras casas se vean elegantes y c\u00f3mo ayuda a salvar el medio ambiente. Con esta silla, podemos ayudar a prevenir la deforestaci\u00f3n mientras lucimos modernos y elegantes.<\/p>\n<h2><strong>\u00bfQu\u00e9 es el rat\u00e1n?<\/strong><\/h2>\n<p>El rat\u00e1n, en caso de que no lo sepamos, es una palma trepadora similar a una vid nativa de las selvas tropicales en varios pa\u00edses asi\u00e1ticos como Malasia y Filipinas. El rat\u00e1n tambi\u00e9n crece en ciertas naciones africanas y en Australia.<\/p>\n<p>Cuando compramos una <strong>silla de rat\u00e1n Joy<\/strong>, estaremos contribuyendo a la preservaci\u00f3n de nuestros bosques. Eso significa que nuestras compras pueden ayudar a prevenir la deforestaci\u00f3n. El rat\u00e1n es uno de los materiales de crecimiento m\u00e1s r\u00e1pido en la naturaleza, y hay m\u00e1s de 600 especies de \u00e9l en todo el mundo.<\/p>\n<p>La durabilidad y flexibilidad del rat\u00e1n lo hacen perfecto para ser utilizado como material para muebles, tanto en interiores como en exteriores. Con esas caracter\u00edsticas ideales, la <strong>silla Joy<\/strong> puede manejar diversas temperaturas.<\/p>\n<h2><strong>Acerca de la SILLA JOY<\/strong><\/h2>\n<p>Ahora que hemos definido el rat\u00e1n, hablemos de c\u00f3mo la <strong>silla Joy<\/strong> hace que nuestras casas sean elegantes mientras salva el medio ambiente.<\/p>\n<p>La <strong>silla de rat\u00e1n Joy<\/strong> tiene un asiento hecho de rat\u00e1n, pero toda la estructura est\u00e1 hecha de madera de teca. Viene en un hermoso color marr\u00f3n teca, que le da un dise\u00f1o \u00fanico y elegante a nuestras casas.<\/p>\n<p>Cada <strong>silla Joy<\/strong> est\u00e1 hecha a mano con materiales 100% naturales, lo que la hace ideal para patios o gazebos. Tambi\u00e9n podemos usar la silla Joy en nuestros jardines o salas de estar.<\/p>\n<p>Recuerda, no solo estamos salvando el medio ambiente cuando compramos la <strong>silla Joy<\/strong>, tambi\u00e9n estamos contribuyendo a los ingresos de las comunidades locales en pa\u00edses en desarrollo. As\u00ed que, \u00a1sal y compra una <strong>silla Joy<\/strong> hoy mismo!<\/p>\n<p>&nbsp;<\/p>\n<p><b>ESPECIFICACIONES T\u00c9CNICAS:<\/b><\/p>\n<p><b>Dimensiones:<\/b><\/p>\n<p><strong>Anchura:<\/strong> 56 cm<\/p>\n<p><strong>Altura:<\/strong> 85 cm<\/p>\n<p><strong>Profundidad:<\/strong> 45 cm<\/p>\n<p><b>Material:<\/b><span style=\"font-weight: 400;\">Asiento &#8211; Rat\u00e1n, Estructura Completa &#8211; Madera de Teca<\/span><\/p>\n<p><b>Hecho a mano<\/b><\/p>\n<p><b>Color:<\/b> <span style=\"font-weight: 400;\">Madera de Teca Marr\u00f3n<\/span><\/p>\n<p><span style=\"font-weight: 400;\">Asiento c\u00f3modo<\/span><\/p>\n<p><b>Prop\u00f3sito:<\/b><span style=\"font-weight: 400;\">Sala de estar, oficina, gazebo, terraza cubierta, patio o jard\u00edn.<\/span><\/p>\n","protected":false},"excerpt":{"rendered":"<p>Cualquiera de nosotros que desee aprender m\u00e1s sobre nuestra silla de rat\u00e1n Joy deber\u00eda mirar a continuaci\u00f3n para descubrir c\u00f3mo hace que las habitaciones de nuestras casas se vean elegantes y c\u00f3mo ayuda a salvar el medio ambiente. Con esta silla, podemos ayudar a prevenir la deforestaci\u00f3n mientras lucimos modernos y elegantes. \u00bfQu\u00e9 es el [&hellip;]<\/p>\n","protected":false},"featured_media":44508,"template":"","meta":[],"product_brand":[274],"product_cat":[423,440,439],"product_tag":[568,509],"class_list":{"0":"post-48524","1":"product","2":"type-product","3":"status-publish","4":"has-post-thumbnail","6":"product_brand-monnari","7":"product_cat-exterior","8":"product_cat-silla-y-sillon","9":"product_cat-sillones","10":"product_tag-hecho-a-mano","11":"product_tag-sillon","12":"product_shipping_class-silla","15":"first","16":"instock","17":"shipping-taxable","18":"purchasable","19":"product-type-simple"},"_links":{"self":[{"href":"https:\/\/dominikahome.com\/es\/wp-json\/wp\/v2\/product\/48524","targetHints":{"allow":["GET"]}}],"collection":[{"href":"https:\/\/dominikahome.com\/es\/wp-json\/wp\/v2\/product"}],"about":[{"href":"https:\/\/dominikahome.com\/es\/wp-json\/wp\/v2\/types\/product"}],"wp:featuredmedia":[{"embeddable":true,"href":"https:\/\/dominikahome.com\/es\/wp-json\/wp\/v2\/media\/44508"}],"wp:attachment":[{"href":"https:\/\/dominikahome.com\/es\/wp-json\/wp\/v2\/media?parent=48524"}],"wp:term":[{"taxonomy":"product_brand","embeddable":true,"href":"https:\/\/dominikahome.com\/es\/wp-json\/wp\/v2\/product_brand?post=48524"},{"taxonomy":"product_cat","embeddable":true,"href":"https:\/\/dominikahome.com\/es\/wp-json\/wp\/v2\/product_cat?post=48524"},{"taxonomy":"product_tag","embeddable":true,"href":"https:\/\/dominikahome.com\/es\/wp-json\/wp\/v2\/product_tag?post=48524"}],"curies":[{"name":"wp","href":"https:\/\/api.w.org\/{rel}","templated":true}]}}