{"id":48525,"date":"2023-11-03T11:22:18","date_gmt":"2023-11-03T11:22:18","guid":{"rendered":"https:\/\/dominikahome.com\/product\/flor-de-monna\/"},"modified":"2023-11-03T11:22:18","modified_gmt":"2023-11-03T11:22:18","slug":"flor-de-monna","status":"publish","type":"product","link":"https:\/\/dominikahome.com\/es\/producto\/flor-de-monna\/","title":{"rendered":"FLOR DE MONNA"},"content":{"rendered":"<p>Las flores son algunas de las cosas m\u00e1s hermosas que la naturaleza nos ofrece. \u00a1Imagina sentarte en una! \u00bfNo ser\u00eda incre\u00edble?<\/p>\n<p>\u00a1Ahora podemos! Hay una <strong>silla de rat\u00e1n<\/strong> con forma de Flor Monna que podemos comprar. Cualquiera que quiera aprender m\u00e1s sobre nuestra <strong>silla de rat\u00e1n Monna<\/strong> deber\u00eda leer m\u00e1s sobre nuestra maravillosa oferta y c\u00f3mo podemos ayudar a salvar el medio ambiente.<\/p>\n<h2><strong>\u00bfQu\u00e9 es el rat\u00e1n?<\/strong><\/h2>\n<p>En caso de que no lo sepamos, el rat\u00e1n es una palma trepadora, similar a una vid, nativa de las junglas tropicales en pa\u00edses asi\u00e1ticos como Malasia y Filipinas. El rat\u00e1n tambi\u00e9n crece en ciertos pa\u00edses africanos y en Australia.<\/p>\n<p>El rat\u00e1n es uno de los materiales de crecimiento m\u00e1s r\u00e1pido que ofrece la naturaleza, y hay m\u00e1s de 600 especies en todo el mundo. Cuando compramos una <strong>silla de rat\u00e1n<\/strong>, estamos preservando el bosque y reduciendo la deforestaci\u00f3n.<\/p>\n<p>La durabilidad y flexibilidad del rat\u00e1n lo hacen ideal para usarlo dentro de casa mientras leemos un libro o afuera cuando nos reunimos con amigos y familiares. Estas dos caracter\u00edsticas permiten que el rat\u00e1n soporte temperaturas extremas y humedad.<\/p>\n<h2><strong>Acerca de la silla de rat\u00e1n MONNA FLOWER<\/strong><\/h2>\n<p>Ahora que sabemos qu\u00e9 es el rat\u00e1n, debemos hablar sobre c\u00f3mo esta <strong>silla de rat\u00e1n Monna Flower<\/strong> es la opci\u00f3n perfecta para nuestros hogares y c\u00f3mo comprar una ser\u00eda ecol\u00f3gico.<\/p>\n<p>Esta <strong>silla de rat\u00e1n<\/strong> est\u00e1 hecha a mano con materiales 100% naturales y tiene un hermoso color miel claro. Con forma de flor Monna, es perfecta para salas de estar y patios.<\/p>\n<p>Podemos sentarnos c\u00f3modamente en esta <strong>silla de rat\u00e1n Monna<\/strong>, con dimensiones de 50 cm de largo, 98 cm de ancho y 110 cm de alto. El respaldo y el asiento hacen un excelente trabajo ayud\u00e1ndonos a relajarnos. No solo eso, sino que tambi\u00e9n ofrece un aspecto bohemio, pero atemporal que complementa todo lo que nos rodea. Est\u00e1 claro que esta <strong>silla de rat\u00e1n<\/strong> fue hecha con gran cuidado.<\/p>\n<p>Podemos comprar esta <strong>silla de rat\u00e1n Monna Flower<\/strong> a un precio razonable. Si no nos gusta, podemos devolverla en 14 d\u00edas y encontrar otra <strong>silla de rat\u00e1n Monna<\/strong> que nos pueda gustar. Cuando compramos esta silla, no solo estamos ayudando al medio ambiente, sino que tambi\u00e9n estamos apoyando los ingresos de las comunidades locales en pa\u00edses en desarrollo.<\/p>\n<p>&nbsp;<\/p>\n<p><b>ESPECIFICACIONES T\u00c9CNICAS<\/b><\/p>\n<p><b>Dimensiones:<\/b><\/p>\n<p>Longitud &#8211; 50 cm<\/p>\n<p>Anchura &#8211; 98 cm<\/p>\n<p>Altura &#8211; 110 cm<\/p>\n<p><b>Material:<\/b> Rat\u00e1n Natural<\/p>\n<p><b>Hecho a mano<\/b><\/p>\n<p>Respaldo y asiento c\u00f3modos<\/p>\n<p><b>Color:<\/b> Miel Claro<\/p>\n<p><b>Prop\u00f3sito:<\/b> Sala de estar, cocina, comedor, habitaci\u00f3n, terraza cubierta o patio.<\/p>\n","protected":false},"excerpt":{"rendered":"<p>Las flores son algunas de las cosas m\u00e1s hermosas que la naturaleza nos ofrece. \u00a1Imagina sentarte en una! \u00bfNo ser\u00eda incre\u00edble? \u00a1Ahora podemos! Hay una silla de rat\u00e1n con forma de Flor Monna que podemos comprar. Cualquiera que quiera aprender m\u00e1s sobre nuestra silla de rat\u00e1n Monna deber\u00eda leer m\u00e1s sobre nuestra maravillosa oferta y [&hellip;]<\/p>\n","protected":false},"featured_media":44484,"template":"","meta":[],"product_brand":[],"product_cat":[423],"product_tag":[],"class_list":{"0":"post-48525","1":"product","2":"type-product","3":"status-publish","4":"has-post-thumbnail","6":"product_cat-exterior","9":"first","10":"instock","11":"shipping-taxable","12":"purchasable","13":"product-type-simple"},"_links":{"self":[{"href":"https:\/\/dominikahome.com\/es\/wp-json\/wp\/v2\/product\/48525","targetHints":{"allow":["GET"]}}],"collection":[{"href":"https:\/\/dominikahome.com\/es\/wp-json\/wp\/v2\/product"}],"about":[{"href":"https:\/\/dominikahome.com\/es\/wp-json\/wp\/v2\/types\/product"}],"wp:featuredmedia":[{"embeddable":true,"href":"https:\/\/dominikahome.com\/es\/wp-json\/wp\/v2\/media\/44484"}],"wp:attachment":[{"href":"https:\/\/dominikahome.com\/es\/wp-json\/wp\/v2\/media?parent=48525"}],"wp:term":[{"taxonomy":"product_brand","embeddable":true,"href":"https:\/\/dominikahome.com\/es\/wp-json\/wp\/v2\/product_brand?post=48525"},{"taxonomy":"product_cat","embeddable":true,"href":"https:\/\/dominikahome.com\/es\/wp-json\/wp\/v2\/product_cat?post=48525"},{"taxonomy":"product_tag","embeddable":true,"href":"https:\/\/dominikahome.com\/es\/wp-json\/wp\/v2\/product_tag?post=48525"}],"curies":[{"name":"wp","href":"https:\/\/api.w.org\/{rel}","templated":true}]}}