{"id":48527,"date":"2023-11-03T11:01:08","date_gmt":"2023-11-03T11:01:08","guid":{"rendered":"https:\/\/dominikahome.com\/product\/silla-tegal-conac\/"},"modified":"2023-11-03T11:01:08","modified_gmt":"2023-11-03T11:01:08","slug":"silla-tegal-conac","status":"publish","type":"product","link":"https:\/\/dominikahome.com\/es\/producto\/silla-tegal-conac\/","title":{"rendered":"SILLA TEGAL Co\u00f1ac"},"content":{"rendered":"<div>\n<div>\n<div>\n<div class=\"flex-1 overflow-hidden\">\n<div class=\"react-scroll-to-bottom--css-begwz-79elbk h-full dark:bg-gray-800\">\n<div class=\"react-scroll-to-bottom--css-begwz-1n7m0yu\">\n<div class=\"flex flex-col items-center text-sm h-full dark:bg-gray-800\">\n<div class=\"w-full border-b border-black\/10 dark:border-gray-900\/50 text-gray-800 dark:text-gray-100 group bg-gray-50 dark:bg-[#444654]\">\n<div class=\"text-base gap-4 md:gap-6 m-auto md:max-w-2xl lg:max-w-2xl xl:max-w-3xl p-4 md:py-6 flex lg:px-0\">\n<div class=\"relative flex w-[calc(100%-50px)] flex-col gap-1 md:gap-3 lg:w-[calc(100%-115px)]\">\n<div class=\"flex flex-grow flex-col gap-3\">\n<div class=\"min-h-[20px] flex flex-col items-start gap-4 whitespace-pre-wrap\">\n<div class=\"markdown prose w-full break-words dark:prose-invert light\">\n<p>Aparte de la sala de estar y el comedor, en casi cada habitaci\u00f3n de nuestras casas, necesitamos una silla. Pero, por supuesto, te gustar\u00eda variar un poco y tener diferentes sillas para cada espacio, bas\u00e1ndote primero en la funcionalidad y luego en el estilo o dise\u00f1o que tienes en mente.<\/p>\n<p>En MONNARITA entendemos la necesidad de asientos c\u00f3modos y elegantes, y para resolver tu solicitud, te recomendamos encarecidamente la <strong>silla de rat\u00e1n Tegal<\/strong>. Esta silla elegante es \u00fanica tanto por su dise\u00f1o como por su material. La <strong>silla de rat\u00e1n<\/strong> es bastante camale\u00f3nica, ya que puede servir como una silla formal e incluirse tambi\u00e9n en ambientes informales. Puedes elegir hacer de ella parte de tus muebles de patio o jard\u00edn, o incluso dejarla como pieza interior para tus \u00e1reas de estar o incluso los dormitorios. En general, la <strong>silla de rat\u00e1n Tegal<\/strong> se ve genial sin importar d\u00f3nde decidas colocarla.<\/p>\n<h2><strong>La Tegal<\/strong><\/h2>\n<p>La <strong>silla de rat\u00e1n Tegal<\/strong> puede hacer una declaraci\u00f3n por s\u00ed sola, o puedes comprar dos o m\u00e1s para crear un conjunto. Nuevamente, tienes una amplia variedad de opciones cuando se trata de d\u00f3nde quieres usarla y c\u00f3mo deseas utilizarla en tu hogar. Una vez m\u00e1s, MONNARITA te ofrece otra pieza de mobiliario bastante vers\u00e1til. Los cojines est\u00e1n hechos de algod\u00f3n puro, lo que a\u00f1ade comodidad y son f\u00e1ciles de quitar y lavar para que siempre luzcan lo mejor posible.<\/p>\n<p>Aparte de la versatilidad, todo el cuerpo de esta silla est\u00e1 hecho de rat\u00e1n puro, cuyo aspecto natural a\u00f1adir\u00e1 un calor terroso a cualquier espacio, pero tambi\u00e9n se conoce por ser bastante resistente. Esto significa que est\u00e1s comprando un art\u00edculo que resistir\u00e1 la prueba del tiempo. Adem\u00e1s, el mantenimiento y cuidado del rat\u00e1n natural es econ\u00f3mico.<\/p>\n<p>En MONNARITA hemos estado ofreciendo a nuestros clientes art\u00edculos elegantes y atemporales a lo largo de los a\u00f1os y tambi\u00e9n creemos en reducir nuestra huella de carbono al crear nuestros muebles y accesorios a partir de materiales totalmente naturales y de origen local que no alteran el ecosistema. Todas nuestras piezas son hechas a mano por artesanos indonesios, reduciendo as\u00ed la producci\u00f3n en f\u00e1bricas que pueden provocar contaminaci\u00f3n. Al comprar nuestros art\u00edculos, contribuyes a la iniciativa de la huella de carbono y tambi\u00e9n apoyas a las comunidades locales.<\/p>\n<\/div>\n<\/div>\n<\/div>\n<\/div>\n<\/div>\n<\/div>\n<\/div>\n<\/div>\n<\/div>\n<\/div>\n<\/div>\n<\/div>\n<p><b>Dimensiones<\/b>:<\/p>\n<p>L 27.5 In<\/p>\n<p>W 33 In<\/p>\n<p>H 32 in<\/p>\n<div><b>Material:<\/b> Rat\u00e1n Natural<b>Hecho a mano<\/b><\/p>\n<p>Respaldo y asiento c\u00f3modos<\/p>\n<p><b>Color:<\/b> Cognac<\/p>\n<p><b>Prop\u00f3sito:<\/b> Sala de estar, dormitorio, terraza cubierta, patio o jard\u00edn.<\/p>\n<\/div>\n<\/div>\n","protected":false},"excerpt":{"rendered":"<p>Aparte de la sala de estar y el comedor, en casi cada habitaci\u00f3n de nuestras casas, necesitamos una silla. Pero, por supuesto, te gustar\u00eda variar un poco y tener diferentes sillas para cada espacio, bas\u00e1ndote primero en la funcionalidad y luego en el estilo o dise\u00f1o que tienes en mente. En MONNARITA entendemos la necesidad [&hellip;]<\/p>\n","protected":false},"featured_media":44446,"template":"","meta":[],"product_brand":[274],"product_cat":[423,440],"product_tag":[587,568,425,601],"class_list":{"0":"post-48527","1":"product","2":"type-product","3":"status-publish","4":"has-post-thumbnail","6":"product_brand-monnari","7":"product_cat-exterior","8":"product_cat-silla-y-sillon","9":"product_tag-en-el-exterior","10":"product_tag-hecho-a-mano","11":"product_tag-ratan-natural","12":"product_tag-terraza","13":"product_shipping_class-silla","16":"first","17":"instock","18":"shipping-taxable","19":"purchasable","20":"product-type-simple"},"_links":{"self":[{"href":"https:\/\/dominikahome.com\/es\/wp-json\/wp\/v2\/product\/48527","targetHints":{"allow":["GET"]}}],"collection":[{"href":"https:\/\/dominikahome.com\/es\/wp-json\/wp\/v2\/product"}],"about":[{"href":"https:\/\/dominikahome.com\/es\/wp-json\/wp\/v2\/types\/product"}],"wp:featuredmedia":[{"embeddable":true,"href":"https:\/\/dominikahome.com\/es\/wp-json\/wp\/v2\/media\/44446"}],"wp:attachment":[{"href":"https:\/\/dominikahome.com\/es\/wp-json\/wp\/v2\/media?parent=48527"}],"wp:term":[{"taxonomy":"product_brand","embeddable":true,"href":"https:\/\/dominikahome.com\/es\/wp-json\/wp\/v2\/product_brand?post=48527"},{"taxonomy":"product_cat","embeddable":true,"href":"https:\/\/dominikahome.com\/es\/wp-json\/wp\/v2\/product_cat?post=48527"},{"taxonomy":"product_tag","embeddable":true,"href":"https:\/\/dominikahome.com\/es\/wp-json\/wp\/v2\/product_tag?post=48527"}],"curies":[{"name":"wp","href":"https:\/\/api.w.org\/{rel}","templated":true}]}}