{"id":48528,"date":"2023-11-03T10:45:34","date_gmt":"2023-11-03T10:45:34","guid":{"rendered":"https:\/\/dominikahome.com\/product\/kai-junior\/"},"modified":"2023-11-03T10:45:34","modified_gmt":"2023-11-03T10:45:34","slug":"kai-junior","status":"publish","type":"product","link":"https:\/\/dominikahome.com\/es\/producto\/kai-junior\/","title":{"rendered":"KAI JUNIOR"},"content":{"rendered":"<p>Crea el recuerdo perfecto para tus hijos. La silla est\u00e1 dise\u00f1ada para crear momentos de descanso. Hecha \u00fanicamente con el rat\u00e1n de la m\u00e1s alta calidad de cultivos indonesios. Gracias al f\u00e1cil montaje con una cuerda, permite a los ni\u00f1os cambiar de lugar r\u00e1pidamente.<\/p>\n<p>&nbsp;<\/p>\n<p>Soporte disponible para la compra.<\/p>\n<p><strong>ESPECIFICACIONES T\u00c9CNICAS:<\/strong><\/p>\n<p><span class=\"s1\" data-redactor-span=\"true\"><strong>Dimensi\u00f3n:<\/strong><\/span><\/p>\n<p><strong>Di\u00e1metro:<\/strong> 85 cm<\/p>\n<p><strong>Hecho a mano<\/strong><\/p>\n<p><span class=\"s1\" data-redactor-span=\"true\"><strong>Material:<\/strong> Rat\u00e1n Natural<\/span><\/p>\n<p><span class=\"s1\" data-redactor-span=\"true\"><strong>Silla:<\/strong> Individual<\/span><\/p>\n<p><strong>Color:<\/strong> Miel<\/p>\n<p><span class=\"s1\" data-redactor-span=\"true\"><strong>Prop\u00f3sito:<\/strong> Sala de estar, dormitorio, terraza cubierta, patio o jard\u00edn.<\/span><\/p>\n<p><span class=\"s1\" data-redactor-span=\"true\"><strong>Incluido:<\/strong> 2 m x cuerda colgante en ambos lados<\/span><\/p>\n<p><span class=\"s1\" data-redactor-span=\"true\"><strong>Aplicaci\u00f3n:<\/strong> Silla colgante en interiores o exteriores<\/span><\/p>\n<p>&nbsp;<\/p>\n<p>Advertencia:<\/p>\n<ol>\n<li>Una silla colgante no es un juguete. No gires ni balances en tu silla colgante, ya que puede resultar en fallos e lesiones.<\/li>\n<li>Inspecciona regularmente todos los puntos de sujeci\u00f3n o suspensi\u00f3n en busca de signos de desgaste. Descontin\u00faa su uso si se evidencia desgaste inusual o deshilachado.<\/li>\n<li>Se requiere instalaci\u00f3n profesional para esta silla colgante. Ten en cuenta que este producto no incluye un soporte colgante ni hardware de montaje.<\/li>\n<\/ol>\n<p>C\u00f3mo colgar:<\/p>\n<p>Por seguridad, la silla debe instalarse a no m\u00e1s de 20 pulgadas del suelo y a 4.5 pies de las paredes. Tambi\u00e9n debe mantener un espacio m\u00ednimo de 30 pulgadas de cualquier obst\u00e1culo.<\/p>\n<p>\u00a1Incluimos todo lo que necesitas para empezar! Solo perfora un agujero en tu techo, inserta los ganchos de hierro y cuelga la silla. Conecta la cuerda. \u00a1Se puede colgar en solo unos minutos!<\/p>\n<p dir=\"auto\"><strong>\u00bfPor qu\u00e9 deber\u00edas comprar productos de rat\u00e1n?<\/strong><\/p>\n<p dir=\"auto\">El rat\u00e1n contribuye a la preservaci\u00f3n de los bosques. El rat\u00e1n solo crece entre otros \u00e1rboles en diversos bosques de \u00c1frica, Asia y Australia, lo que significa que ayuda a sostener los bosques alrededor del mundo. Aunque la deforestaci\u00f3n ha disminuido significativamente en las \u00faltimas d\u00e9cadas, a\u00fan perdemos alrededor de 13 millones de hect\u00e1reas de bosque cada a\u00f1o. El rat\u00e1n tambi\u00e9n crece en llanuras aluviales que permanecen sin aprovechar, lo que ayuda a fomentar la poblaci\u00f3n animal y mucho m\u00e1s.<\/p>\n<p dir=\"auto\">&#8211; Dise\u00f1o elegante y moderno<br \/>\n&#8211; Fuerte y duradero<br \/>\n&#8211; Apoyando ingresos para la comunidad local en pa\u00edses en desarrollo<\/p>\n","protected":false},"excerpt":{"rendered":"<p>Crea el recuerdo perfecto para tus hijos. La silla est\u00e1 dise\u00f1ada para crear momentos de descanso. Hecha \u00fanicamente con el rat\u00e1n de la m\u00e1s alta calidad de cultivos indonesios. Gracias al f\u00e1cil montaje con una cuerda, permite a los ni\u00f1os cambiar de lugar r\u00e1pidamente. &nbsp; Soporte disponible para la compra. ESPECIFICACIONES T\u00c9CNICAS: Dimensi\u00f3n: Di\u00e1metro: 85 [&hellip;]<\/p>\n","protected":false},"featured_media":44402,"template":"","meta":[],"product_brand":[274],"product_cat":[460,666],"product_tag":[630,568,461,425,569],"class_list":{"0":"post-48528","1":"product","2":"type-product","3":"status-publish","4":"has-post-thumbnail","6":"product_brand-monnari","7":"product_cat-ninos","8":"product_cat-sillas-colgantes","9":"product_tag-habitacion-infantil","10":"product_tag-hecho-a-mano","11":"product_tag-kids-es-2","12":"product_tag-ratan-natural","13":"product_tag-silla-colgante","14":"product_shipping_class-mediano","17":"first","18":"instock","19":"shipping-taxable","20":"purchasable","21":"product-type-simple"},"_links":{"self":[{"href":"https:\/\/dominikahome.com\/es\/wp-json\/wp\/v2\/product\/48528","targetHints":{"allow":["GET"]}}],"collection":[{"href":"https:\/\/dominikahome.com\/es\/wp-json\/wp\/v2\/product"}],"about":[{"href":"https:\/\/dominikahome.com\/es\/wp-json\/wp\/v2\/types\/product"}],"wp:featuredmedia":[{"embeddable":true,"href":"https:\/\/dominikahome.com\/es\/wp-json\/wp\/v2\/media\/44402"}],"wp:attachment":[{"href":"https:\/\/dominikahome.com\/es\/wp-json\/wp\/v2\/media?parent=48528"}],"wp:term":[{"taxonomy":"product_brand","embeddable":true,"href":"https:\/\/dominikahome.com\/es\/wp-json\/wp\/v2\/product_brand?post=48528"},{"taxonomy":"product_cat","embeddable":true,"href":"https:\/\/dominikahome.com\/es\/wp-json\/wp\/v2\/product_cat?post=48528"},{"taxonomy":"product_tag","embeddable":true,"href":"https:\/\/dominikahome.com\/es\/wp-json\/wp\/v2\/product_tag?post=48528"}],"curies":[{"name":"wp","href":"https:\/\/api.w.org\/{rel}","templated":true}]}}