{"id":48529,"date":"2023-11-03T10:43:26","date_gmt":"2023-11-03T10:43:26","guid":{"rendered":"https:\/\/dominikahome.com\/product\/henry-doble\/"},"modified":"2023-11-03T10:43:26","modified_gmt":"2023-11-03T10:43:26","slug":"henry-doble","status":"publish","type":"product","link":"https:\/\/dominikahome.com\/es\/producto\/henry-doble\/","title":{"rendered":"HENRY DOBLE"},"content":{"rendered":"<p>En los \u00faltimos a\u00f1os, los asientos colgantes, como el <strong>doble Henry<\/strong>, se han vuelto incre\u00edblemente populares, y por una buena raz\u00f3n. Son adaptables y duraderos, y pueden utilizarse en interiores o exteriores, proporcionando una experiencia de asiento tranquila, atractiva y c\u00f3moda.<\/p>\n<p>Cuando desees reconectar con la naturaleza, incluso puedes colgarlos en el jard\u00edn. Esta <strong>silla de rat\u00e1n colgante doble<\/strong> de color marr\u00f3n claro ofrece un aspecto r\u00fastico que complementa cualquier esquema de dise\u00f1o interior o exterior que ya tengas. Adem\u00e1s, al ser doble, ofrece mucho espacio para sentarse, estirarse o compartir con un ser querido.<\/p>\n<h2>Hecho con <strong>destreza por artesanos locales<\/strong><\/h2>\n<p>Nuestros artesanos locales de Indonesia tejen h\u00e1bilmente el rat\u00e1n para producir lo que solo se puede caracterizar como un acogedor capullo. Con solo un suave coj\u00edn, puedes crear el entorno ideal para relajarte en una silla c\u00f3moda donde puedes acurrucarte con un buen libro o tomar una siesta.<\/p>\n<p>Una <strong>silla colgante de rat\u00e1n<\/strong> puede ser una mejor opci\u00f3n de asiento, ya que alivia la presi\u00f3n en tus puntos de presi\u00f3n gracias a su dise\u00f1o, que ayuda a evitar problemas en el cuello y la espalda.<\/p>\n<p>Esta distintiva <strong>silla colgante doble de rat\u00e1n<\/strong> puede reemplazar cualquier silla o sof\u00e1 ordinario para darle a tu hogar un encantador toque bohemio con un toque escandinavo. Para disfrutar de la m\u00e1xima sensaci\u00f3n de tranquilidad, instala esta hermosa silla colgante como pieza decorativa en tu sala de estar, balc\u00f3n o patio.<\/p>\n<h2><strong>Escapa del estr\u00e9s de la vida diaria<\/strong><\/h2>\n<p>La silla colgante se convertir\u00e1 en el punto focal de la decoraci\u00f3n de tu hogar e inducir\u00e1 la relajaci\u00f3n para todos los que la usen. La <strong>silla colgante de rat\u00e1n doble Henry<\/strong> ofrece un refugio acogedor del estr\u00e9s de la vida diaria. Es una opci\u00f3n de asiento extremadamente c\u00f3moda, ya que el tama\u00f1o doble proporciona un poco m\u00e1s de espacio para relajarse.<\/p>\n<p>El dise\u00f1o superior se encuentra con nuestra calidad en la <strong>silla colgante doble de rat\u00e1n Henry<\/strong>. Est\u00e1 magistralmente tejida a mano sobre un marco de metal delgado en patrones cl\u00e1sicos que podr\u00e1s disfrutar en tu jard\u00edn o dentro de tu hogar durante muchos a\u00f1os.<\/p>\n<p>Como fabricamos nuestros productos de decoraci\u00f3n y muebles con rat\u00e1n natural, aconsejamos que los cuelgues o almacenes en interiores o en \u00e1reas cubiertas. Estas piezas duran m\u00e1s si las proteges de las inclemencias del tiempo y especialmente de la humedad.<\/p>\n<p>Tambi\u00e9n contamos con la <strong>silla colgante de rat\u00e1n simple Henry<\/strong>, que es perfecta para espacios m\u00e1s peque\u00f1os, \u00a1pero sigue siendo igual de elegante y c\u00f3moda!<\/p>\n<p><strong>ESPECIFICACIONES T\u00c9CNICAS<\/strong><\/p>\n<p><strong>Dimensiones:<\/strong><\/p>\n<p>Ancho &#8211; 135 cm<\/p>\n<p>Profundidad &#8211; 82 cm<\/p>\n<p>Altura &#8211; 110 cm<\/p>\n<p><strong>HECHO A MANO<\/strong><\/p>\n<p><strong>Material:<\/strong> Rat\u00e1n<\/p>\n<p><strong>Silla colgante:<\/strong> Doble<\/p>\n<p><strong>Color:<\/strong> Marr\u00f3n Claro<\/p>\n<p><strong>Prop\u00f3sito:<\/strong> Sala de estar, gazebo, terraza parcialmente cubierta, jard\u00edn.<\/p>\n<p><strong>En el set:<\/strong> 2 x 200 m cuerda colgante<\/p>\n<p><strong>Aplicaci\u00f3n:<\/strong> Silla colgante de jard\u00edn o colgante en interiores<\/p>\n<p>*El kit incluye una cuerda de 2 x 200 cm de largo que permite el montaje en el techo.<\/p>\n<p>Advertencia:<\/p>\n<ol>\n<li>Una silla colgante no es un juguete. No gires ni balances en tu silla colgante, ya que puede resultar en fallos e lesiones.<\/li>\n<li>Inspecciona regularmente todos los puntos de sujeci\u00f3n o suspensi\u00f3n en busca de signos de desgaste. Descontin\u00faa su uso si se evidencia desgaste inusual o deshilachado.<\/li>\n<li>Se requiere instalaci\u00f3n profesional para esta silla colgante. No est\u00e1 destinada para su uso por ni\u00f1os de 12 a\u00f1os o menos. Ten en cuenta que este producto no incluye un soporte colgante ni hardware de montaje.<\/li>\n<\/ol>\n<p>C\u00f3mo colgar:<\/p>\n<p>Por seguridad, la silla debe instalarse a no m\u00e1s de 20 pulgadas del suelo y a 4.5 pies de las paredes. Tambi\u00e9n debe mantener un espacio m\u00ednimo de 30 pulgadas de cualquier obst\u00e1culo.<\/p>\n<p>\u00a1Incluimos todo lo que necesitas para comenzar! Solo perfora un agujero en tu techo, inserta los ganchos de hierro y cuelga la silla. Conecta la cuerda. \u00a1Se puede colgar en solo unos minutos!<\/p>\n","protected":false},"excerpt":{"rendered":"<p>En los \u00faltimos a\u00f1os, los asientos colgantes, como el doble Henry, se han vuelto incre\u00edblemente populares, y por una buena raz\u00f3n. Son adaptables y duraderos, y pueden utilizarse en interiores o exteriores, proporcionando una experiencia de asiento tranquila, atractiva y c\u00f3moda. Cuando desees reconectar con la naturaleza, incluso puedes colgarlos en el jard\u00edn. Esta silla [&hellip;]<\/p>\n","protected":false},"featured_media":44389,"template":"","meta":[],"product_brand":[274],"product_cat":[666],"product_tag":[568,425,569],"class_list":{"0":"post-48529","1":"product","2":"type-product","3":"status-publish","4":"has-post-thumbnail","6":"product_brand-monnari","7":"product_cat-sillas-colgantes","8":"product_tag-hecho-a-mano","9":"product_tag-ratan-natural","10":"product_tag-silla-colgante","11":"product_shipping_class-mediano","14":"first","15":"instock","16":"shipping-taxable","17":"purchasable","18":"product-type-simple"},"_links":{"self":[{"href":"https:\/\/dominikahome.com\/es\/wp-json\/wp\/v2\/product\/48529","targetHints":{"allow":["GET"]}}],"collection":[{"href":"https:\/\/dominikahome.com\/es\/wp-json\/wp\/v2\/product"}],"about":[{"href":"https:\/\/dominikahome.com\/es\/wp-json\/wp\/v2\/types\/product"}],"wp:featuredmedia":[{"embeddable":true,"href":"https:\/\/dominikahome.com\/es\/wp-json\/wp\/v2\/media\/44389"}],"wp:attachment":[{"href":"https:\/\/dominikahome.com\/es\/wp-json\/wp\/v2\/media?parent=48529"}],"wp:term":[{"taxonomy":"product_brand","embeddable":true,"href":"https:\/\/dominikahome.com\/es\/wp-json\/wp\/v2\/product_brand?post=48529"},{"taxonomy":"product_cat","embeddable":true,"href":"https:\/\/dominikahome.com\/es\/wp-json\/wp\/v2\/product_cat?post=48529"},{"taxonomy":"product_tag","embeddable":true,"href":"https:\/\/dominikahome.com\/es\/wp-json\/wp\/v2\/product_tag?post=48529"}],"curies":[{"name":"wp","href":"https:\/\/api.w.org\/{rel}","templated":true}]}}