{"id":48694,"date":"2024-11-07T11:50:21","date_gmt":"2024-11-07T11:50:21","guid":{"rendered":"https:\/\/dominikahome.com\/product\/48694\/"},"modified":"2024-11-07T12:01:05","modified_gmt":"2024-11-07T12:01:05","slug":"48694","status":"publish","type":"product","link":"https:\/\/dominikahome.com\/es\/producto\/48694\/","title":{"rendered":"Ahoy Sofa"},"content":{"rendered":"<p>El sof\u00e1 Ahoy se caracteriza por sus l\u00edneas suaves y delicadas. AHOY es sutileza y delicadeza con un acento fuerte.<\/p>\n<p>Ahoy es hermoso desde todos los \u00e1ngulos, ser\u00e1 un gran complemento para un interior moderno, acentuar\u00e1 perfectamente una sala de estar minimalista y escandinava y agregar\u00e1 calidez a los espacios de oficina.<br \/>\nPara elegir, telas de primera calidad de excelentes marcas. La tela es realmente f\u00e1cil de limpiar. F\u00f3rmula ZERO SPOT.<\/p>\n<p>Dimensiones\u00a0 MEDIUM<br \/>\nprofundidad del asiento: 70 cm<br \/>\naltura del asiento: 39 cm<br \/>\nprofundidad total: 80 cm<br \/>\naltura total: 75 cm<br \/>\nancho total: sof\u00e1 de 2 plazas 160 cm<\/p>\n<p>Dimensiones : LARGE<br \/>\nprofundidad del asiento: 70 cm<br \/>\naltura del asiento: 39 cm<br \/>\nprofundidad total: 80 cm<br \/>\naltura total: 75 cm<br \/>\nancho total: sof\u00e1 de 3 plazas 210 cm<\/p>\n<p>Material<br \/>\nROBLE: 100 % madera de roble<\/p>\n<p>Acabado<br \/>\nAceites naturales y ceras de aceite aprobados para el contacto con alimentos o para su uso en la producci\u00f3n de juguetes infantiles (seg\u00fan EN1186 &#8211; 11\/14) o (EN 71-3). Recubrimiento hidr\u00f3fobo &#8211; resistente a las manchas y al agua<\/p>\n<p>fabricado bajo pedido 7-10 semanas<\/p>\n","protected":false},"excerpt":{"rendered":"<p>HECHO A MANO<\/p>\n<p>Fabricado en Europa<\/p>\n","protected":false},"featured_media":48680,"template":"","meta":[],"product_brand":[],"product_cat":[674],"product_tag":[568,592],"class_list":{"0":"post-48694","1":"product","2":"type-product","3":"status-publish","4":"has-post-thumbnail","6":"product_cat-sofas-es","7":"product_tag-hecho-a-mano","8":"product_tag-sofa-es","9":"product_shipping_class-pesado","12":"first","13":"instock","14":"shipping-taxable","15":"purchasable","16":"product-type-variable"},"_links":{"self":[{"href":"https:\/\/dominikahome.com\/es\/wp-json\/wp\/v2\/product\/48694","targetHints":{"allow":["GET"]}}],"collection":[{"href":"https:\/\/dominikahome.com\/es\/wp-json\/wp\/v2\/product"}],"about":[{"href":"https:\/\/dominikahome.com\/es\/wp-json\/wp\/v2\/types\/product"}],"wp:featuredmedia":[{"embeddable":true,"href":"https:\/\/dominikahome.com\/es\/wp-json\/wp\/v2\/media\/48680"}],"wp:attachment":[{"href":"https:\/\/dominikahome.com\/es\/wp-json\/wp\/v2\/media?parent=48694"}],"wp:term":[{"taxonomy":"product_brand","embeddable":true,"href":"https:\/\/dominikahome.com\/es\/wp-json\/wp\/v2\/product_brand?post=48694"},{"taxonomy":"product_cat","embeddable":true,"href":"https:\/\/dominikahome.com\/es\/wp-json\/wp\/v2\/product_cat?post=48694"},{"taxonomy":"product_tag","embeddable":true,"href":"https:\/\/dominikahome.com\/es\/wp-json\/wp\/v2\/product_tag?post=48694"}],"curies":[{"name":"wp","href":"https:\/\/api.w.org\/{rel}","templated":true}]}}