{"id":48718,"date":"2024-11-12T13:28:03","date_gmt":"2024-11-12T13:28:03","guid":{"rendered":"https:\/\/dominikahome.com\/product\/sillon-y-reposapies-roxy-set-2\/"},"modified":"2024-12-01T00:09:11","modified_gmt":"2024-12-01T00:09:11","slug":"sillon-y-reposapies-roxy-set-2","status":"publish","type":"product","link":"https:\/\/dominikahome.com\/es\/producto\/sillon-y-reposapies-roxy-set-2\/","title":{"rendered":"Sill\u00f3n y reposapi\u00e9s Roxy SET 2"},"content":{"rendered":"<p>Sill\u00f3n con puf tapizado en polipiel; estructura en madera de nogal, columna y pies en acero.<br \/>\nMedidas sill\u00f3n: 89X87X79 cm.<br \/>\nMedidas puf: 65x 54x 44 cm.<\/p>\n","protected":false},"excerpt":{"rendered":"<p>Entrega en 5-7 d\u00edas<\/p>\n","protected":false},"featured_media":48709,"template":"","meta":[],"product_brand":[],"product_cat":[440,439],"product_tag":[],"class_list":{"0":"post-48718","1":"product","2":"type-product","3":"status-publish","4":"has-post-thumbnail","6":"product_cat-silla-y-sillon","7":"product_cat-sillones","10":"first","11":"instock","12":"shipping-taxable","13":"purchasable","14":"product-type-simple"},"_links":{"self":[{"href":"https:\/\/dominikahome.com\/es\/wp-json\/wp\/v2\/product\/48718","targetHints":{"allow":["GET"]}}],"collection":[{"href":"https:\/\/dominikahome.com\/es\/wp-json\/wp\/v2\/product"}],"about":[{"href":"https:\/\/dominikahome.com\/es\/wp-json\/wp\/v2\/types\/product"}],"wp:featuredmedia":[{"embeddable":true,"href":"https:\/\/dominikahome.com\/es\/wp-json\/wp\/v2\/media\/48709"}],"wp:attachment":[{"href":"https:\/\/dominikahome.com\/es\/wp-json\/wp\/v2\/media?parent=48718"}],"wp:term":[{"taxonomy":"product_brand","embeddable":true,"href":"https:\/\/dominikahome.com\/es\/wp-json\/wp\/v2\/product_brand?post=48718"},{"taxonomy":"product_cat","embeddable":true,"href":"https:\/\/dominikahome.com\/es\/wp-json\/wp\/v2\/product_cat?post=48718"},{"taxonomy":"product_tag","embeddable":true,"href":"https:\/\/dominikahome.com\/es\/wp-json\/wp\/v2\/product_tag?post=48718"}],"curies":[{"name":"wp","href":"https:\/\/api.w.org\/{rel}","templated":true}]}}