{"id":48730,"date":"2024-11-12T16:35:20","date_gmt":"2024-11-12T16:35:20","guid":{"rendered":"https:\/\/dominikahome.com\/product\/sillon-de-cuero-jose\/"},"modified":"2024-12-01T00:09:11","modified_gmt":"2024-12-01T00:09:11","slug":"sillon-de-cuero-jose","status":"publish","type":"product","link":"https:\/\/dominikahome.com\/es\/producto\/sillon-de-cuero-jose\/","title":{"rendered":"Sill\u00f3n de Cuero Jos\u00e9"},"content":{"rendered":"<p>Un sill\u00f3n de cuero es un mueble sofisticado y atemporal, que suele asociarse con la comodidad y el estilo. Los sillones de cuero son conocidos por su durabilidad, ya que ofrecen comodidad y elegancia. Con el tiempo, el cuero desarrolla una p\u00e1tina \u00fanica que aporta car\u00e1cter y calidez al sill\u00f3n.<\/p>\n<p>Ya sea que se coloque en un estudio, una sala de estar o una oficina, un sill\u00f3n de cuero suele ser una pieza destacada que combina un atractivo lujoso con practicidad. La rica textura y el acabado suave del cuero hacen que sea f\u00e1cil de limpiar y mantener, lo que mejora a\u00fan m\u00e1s su atractivo duradero.<\/p>\n<p>Dimensiones (cm)<br \/>\nLongitud 75 | Fondo 89 | Alto 90<\/p>\n<p>Peso neto 24,45<\/p>\n<p>Material<br \/>\nCuero | Metal<\/p>\n","protected":false},"excerpt":{"rendered":"<p>Entrega 2-7 d\u00edas<\/p>\n","protected":false},"featured_media":48729,"template":"","meta":[],"product_brand":[],"product_cat":[440,439],"product_tag":[748,509],"class_list":{"0":"post-48730","1":"product","2":"type-product","3":"status-publish","4":"has-post-thumbnail","6":"product_cat-silla-y-sillon","7":"product_cat-sillones","8":"product_tag-cuero","9":"product_tag-sillon","10":"product_shipping_class-s-m-es","13":"first","14":"instock","15":"shipping-taxable","16":"purchasable","17":"product-type-simple"},"_links":{"self":[{"href":"https:\/\/dominikahome.com\/es\/wp-json\/wp\/v2\/product\/48730","targetHints":{"allow":["GET"]}}],"collection":[{"href":"https:\/\/dominikahome.com\/es\/wp-json\/wp\/v2\/product"}],"about":[{"href":"https:\/\/dominikahome.com\/es\/wp-json\/wp\/v2\/types\/product"}],"wp:featuredmedia":[{"embeddable":true,"href":"https:\/\/dominikahome.com\/es\/wp-json\/wp\/v2\/media\/48729"}],"wp:attachment":[{"href":"https:\/\/dominikahome.com\/es\/wp-json\/wp\/v2\/media?parent=48730"}],"wp:term":[{"taxonomy":"product_brand","embeddable":true,"href":"https:\/\/dominikahome.com\/es\/wp-json\/wp\/v2\/product_brand?post=48730"},{"taxonomy":"product_cat","embeddable":true,"href":"https:\/\/dominikahome.com\/es\/wp-json\/wp\/v2\/product_cat?post=48730"},{"taxonomy":"product_tag","embeddable":true,"href":"https:\/\/dominikahome.com\/es\/wp-json\/wp\/v2\/product_tag?post=48730"}],"curies":[{"name":"wp","href":"https:\/\/api.w.org\/{rel}","templated":true}]}}