{"id":48754,"date":"2024-11-18T10:47:57","date_gmt":"2024-11-18T10:47:57","guid":{"rendered":"https:\/\/dominikahome.com\/product\/lampara-de-techo-marianna-6l-negra\/"},"modified":"2024-11-18T13:08:44","modified_gmt":"2024-11-18T13:08:44","slug":"lampara-de-techo-marianna-6l-negra","status":"publish","type":"product","link":"https:\/\/dominikahome.com\/es\/producto\/lampara-de-techo-marianna-6l-negra\/","title":{"rendered":"L\u00e1mpara de techo Marianna 3 colores"},"content":{"rendered":"<p>Las l\u00e1mparas de la colecci\u00f3n Marianna robar\u00e1n el coraz\u00f3n de todos los entusiastas del estilo industrial. De hecho, es el estilo que ser\u00e1 el lugar m\u00e1s adecuado para instalar una (o varias) de ellas. Las l\u00e1mparas de dise\u00f1o Marianna enfatizar\u00e1n el car\u00e1cter crudo, fresco y decidido de los interiores del estilo industrial. Hechas de acero de alta calidad, lo que garantiza su longevidad. Las l\u00e1mparas han sido dise\u00f1adas para ajustar el \u00e1ngulo de inclinaci\u00f3n del haz de luz.<\/p>\n<p>Tipo de l\u00e1mpara: Plaf\u00f3n<br \/>\nColor:negro,gris, blanco<br \/>\nMaterial: acero<br \/>\nDimensi\u00f3n de la pantalla: 6\/10 cm<br \/>\nDimensiones del techo interior: 118\/6 cm<br \/>\nTipo de bombilla: Gu10<br \/>\nFuentes de luz: 6 (tira)<br \/>\nBombilla incluida: No<br \/>\nLa potencia de una bombilla tradicional: m\u00e1x. 40W<br \/>\nPotencia de la bombilla LED: m\u00e1ximo 12W<br \/>\nTensi\u00f3n de alimentaci\u00f3n: ~220-230V<br \/>\nFrecuencia actual: 50-60Hz<br \/>\nClase IP: 20<\/p>\n<p>Clase de protecci\u00f3n: I<br \/>\nDestino:<br \/>\nPasillo<br \/>\nCorredor<br \/>\nCocina<br \/>\nSal\u00f3n<br \/>\nDormitorio<\/p>\n","protected":false},"excerpt":{"rendered":"<p>Entrega r\u00e1pida<\/p>\n","protected":false},"featured_media":48771,"template":"","meta":[],"product_brand":[],"product_cat":[667,671],"product_tag":[],"class_list":{"0":"post-48754","1":"product","2":"type-product","3":"status-publish","4":"has-post-thumbnail","6":"product_cat-iluminacion","7":"product_cat-lampara-de-techo","8":"product_shipping_class-pequeno","11":"first","12":"instock","13":"shipping-taxable","14":"purchasable","15":"product-type-variable"},"_links":{"self":[{"href":"https:\/\/dominikahome.com\/es\/wp-json\/wp\/v2\/product\/48754","targetHints":{"allow":["GET"]}}],"collection":[{"href":"https:\/\/dominikahome.com\/es\/wp-json\/wp\/v2\/product"}],"about":[{"href":"https:\/\/dominikahome.com\/es\/wp-json\/wp\/v2\/types\/product"}],"wp:featuredmedia":[{"embeddable":true,"href":"https:\/\/dominikahome.com\/es\/wp-json\/wp\/v2\/media\/48771"}],"wp:attachment":[{"href":"https:\/\/dominikahome.com\/es\/wp-json\/wp\/v2\/media?parent=48754"}],"wp:term":[{"taxonomy":"product_brand","embeddable":true,"href":"https:\/\/dominikahome.com\/es\/wp-json\/wp\/v2\/product_brand?post=48754"},{"taxonomy":"product_cat","embeddable":true,"href":"https:\/\/dominikahome.com\/es\/wp-json\/wp\/v2\/product_cat?post=48754"},{"taxonomy":"product_tag","embeddable":true,"href":"https:\/\/dominikahome.com\/es\/wp-json\/wp\/v2\/product_tag?post=48754"}],"curies":[{"name":"wp","href":"https:\/\/api.w.org\/{rel}","templated":true}]}}